{"id":11,"date":"2024-09-18T10:43:28","date_gmt":"2024-09-18T08:43:28","guid":{"rendered":"https:\/\/www.skautisenica.sk\/zasady-pouzivania-suborov-cookie-eu\/"},"modified":"2025-08-11T18:34:43","modified_gmt":"2025-08-11T16:34:43","slug":"gdpr","status":"publish","type":"page","link":"https:\/\/www.skautisenica.sk\/en\/kontakt\/gdpr\/","title":{"rendered":"GDPR"},"content":{"rendered":"<div data-elementor-type=\"wp-page\" data-elementor-id=\"11\" class=\"elementor elementor-11\" data-elementor-post-type=\"page\">\n\t\t\t\t<div class=\"elementor-element elementor-element-60b9d7e e-flex e-con-boxed e-con e-parent\" data-id=\"60b9d7e\" data-element_type=\"container\" data-e-type=\"container\">\n\t\t\t\t\t<div class=\"e-con-inner\">\n\t\t\t\t<div class=\"elementor-element elementor-element-1a4ff54 elementor-widget elementor-widget-spacer\" data-id=\"1a4ff54\" data-element_type=\"widget\" data-e-type=\"widget\" data-widget_type=\"spacer.default\">\n\t\t\t\t\t\t\t<div class=\"elementor-spacer\">\n\t\t\t<div class=\"elementor-spacer-inner\"><\/div>\n\t\t<\/div>\n\t\t\t\t\t\t<\/div>\n\t\t\t\t\t<\/div>\n\t\t\t\t<\/div>\n\t\t<div class=\"elementor-element elementor-element-d0a6f3b e-flex e-con-boxed e-con e-parent\" data-id=\"d0a6f3b\" data-element_type=\"container\" data-e-type=\"container\">\n\t\t\t\t\t<div class=\"e-con-inner\">\n\t\t\t\t<div class=\"elementor-element elementor-element-5108332 elementor-headline--style-highlight elementor-widget elementor-widget-animated-headline\" data-id=\"5108332\" data-element_type=\"widget\" data-e-type=\"widget\" data-settings=\"{&quot;marker&quot;:&quot;curly&quot;,&quot;highlighted_text&quot;:&quot;Z\\u00e1sady pou\\u017e\\u00edvania s\\u00faborov cookie&quot;,&quot;headline_style&quot;:&quot;highlight&quot;,&quot;loop&quot;:&quot;yes&quot;,&quot;highlight_animation_duration&quot;:1200,&quot;highlight_iteration_delay&quot;:8000}\" data-widget_type=\"animated-headline.default\">\n\t\t\t\t\t\t\t<h3 class=\"elementor-headline\">\n\t\t\t\t<span class=\"elementor-headline-dynamic-wrapper elementor-headline-text-wrapper\">\n\t\t\t\t\t<span class=\"elementor-headline-dynamic-text elementor-headline-text-active\">Cookie Usage Policy<\/span>\n\t\t\t\t<\/span>\n\t\t\t\t<\/h3>\n\t\t\t\t\t\t<\/div>\n\t\t\t\t\t<\/div>\n\t\t\t\t<\/div>\n\t\t<div class=\"elementor-element elementor-element-b971307 e-flex e-con-boxed e-con e-parent\" data-id=\"b971307\" data-element_type=\"container\" data-e-type=\"container\">\n\t\t\t\t\t<div class=\"e-con-inner\">\n\t\t\t\t<div class=\"elementor-element elementor-element-823ea4e elementor-widget elementor-widget-text-editor\" data-id=\"823ea4e\" data-element_type=\"widget\" data-e-type=\"widget\" data-widget_type=\"text-editor.default\">\n\t\t\t\t\t\t\t\t\t<p class=\"translation-block\" data-start=\"245\" data-end=\"324\"><strong data-start=\"245\" data-end=\"268\"><a class=\"\" href=\"http:\/\/www.skautisenica.sk\/en\/\" target=\"_new\" rel=\"noopener\" data-start=\"247\" data-end=\"266\">www.skautisenica.sk<\/a><\/strong><br data-start=\"268\" data-end=\"271\"><strong data-start=\"271\" data-end=\"324\">48th Water Scouts Port \"BUFO VIRIDIS\" Senica<\/strong><\/p><h3 class=\"\" data-start=\"326\" data-end=\"355\">1. \u010co s\u00fa s\u00fabory cookie?<\/h3><p class=\"\" data-start=\"356\" data-end=\"612\">S\u00fabory cookie s\u00fa mal\u00e9 textov\u00e9 s\u00fabory, ktor\u00e9 sa ukladaj\u00fa do v\u00e1\u0161ho zariadenia (po\u010d\u00edta\u010d, telef\u00f3n, tablet) pri n\u00e1v\u0161teve webovej str\u00e1nky. Pou\u017e\u00edvaj\u00fa sa na zlep\u0161enie funk\u010dnosti str\u00e1nky, prisp\u00f4sobenie obsahu, anal\u00fdzu n\u00e1v\u0161tevnosti a poskytovanie soci\u00e1lnych funkci\u00ed.<\/p><h3 class=\"\" data-start=\"614\" data-end=\"648\">2. Ak\u00e9 typy cookies pou\u017e\u00edvame?<\/h3><h4 class=\"\" data-start=\"650\" data-end=\"678\">a) Nevyhnutn\u00e9 cookies<\/h4><p class=\"\" data-start=\"679\" data-end=\"835\">Tieto cookies s\u00fa potrebn\u00e9 na spr\u00e1vne fungovanie str\u00e1nky (napr. zapam\u00e4tanie si pou\u017e\u00edvate\u013esk\u00fdch nastaven\u00ed, fungovanie kontaktn\u00e9ho formul\u00e1ra alebo live chatu).<\/p><h4 class=\"\" data-start=\"837\" data-end=\"865\">b) Analytick\u00e9 cookies<\/h4><p class=\"\" data-start=\"866\" data-end=\"1101\">Pou\u017e\u00edvame slu\u017ebu <strong data-start=\"883\" data-end=\"903\">Google Analytics<\/strong>, ktor\u00e1 n\u00e1m pom\u00e1ha pochopi\u0165, ako n\u00e1v\u0161tevn\u00edci pou\u017e\u00edvaj\u00fa na\u0161u str\u00e1nku. Tieto cookies zbieraj\u00fa anonymn\u00e9 \u00fadaje, ako napr\u00edklad po\u010det n\u00e1v\u0161tev, \u010das str\u00e1ven\u00fd na str\u00e1nke, alebo ktor\u00e9 str\u00e1nky boli nav\u0161t\u00edven\u00e9.<\/p><h4 class=\"\" data-start=\"1103\" data-end=\"1142\">c) Funk\u010dn\u00e9 cookies tret\u00edch str\u00e1n<\/h4><p class=\"\" data-start=\"1143\" data-end=\"1307\">Na str\u00e1nke sa m\u00f4\u017eu zobrazova\u0165 vlo\u017een\u00e9 vide\u00e1 z <strong data-start=\"1189\" data-end=\"1200\">YouTube<\/strong> alebo interakt\u00edvne funkcie cez <strong data-start=\"1232\" data-end=\"1245\">LiveAgent<\/strong> (live chat). Tieto slu\u017eby m\u00f4\u017eu uklada\u0165 svoje vlastn\u00e9 cookies.<\/p><h3 class=\"\" data-start=\"1309\" data-end=\"1347\">3. Ako m\u00f4\u017eete spravova\u0165 cookies?<\/h3><p class=\"\" data-start=\"1348\" data-end=\"1573\">Pri prvej n\u00e1v\u0161teve na\u0161ej str\u00e1nky sa v\u00e1m zobraz\u00ed li\u0161ta so spr\u00e1vou s\u00faborov cookie, kde si m\u00f4\u017eete vybra\u0165, ktor\u00e9 cookies povol\u00edte. Svoj s\u00fahlas m\u00f4\u017eete kedyko\u013evek zmeni\u0165 alebo odvola\u0165 prostredn\u00edctvom nastaven\u00ed vo va\u0161om prehliada\u010di.<\/p><p class=\"\" data-start=\"1575\" data-end=\"1611\">N\u00e1vody pre \u00fapravu nastaven\u00ed cookies:<\/p><ul data-start=\"1612\" data-end=\"2015\"><li class=\"\" data-start=\"1612\" data-end=\"1736\"><p class=\"\" data-start=\"1614\" data-end=\"1736\"><strong data-start=\"1614\" data-end=\"1625\">Chrome:<\/strong> <a target=\"_new\" rel=\"noopener\" data-start=\"1626\" data-end=\"1734\">https:\/\/support.google.com\/chrome\/answer\/95647?hl=sk<\/a><\/p><\/li><li class=\"\" data-start=\"1737\" data-end=\"1880\"><p class=\"\" data-start=\"1739\" data-end=\"1880\"><strong data-start=\"1739\" data-end=\"1751\">Firefox:<\/strong> <a class=\"\" href=\"https:\/\/support.mozilla.org\/sk\/kb\/povolenie-zakazanie-cookies\" target=\"_new\" rel=\"noopener\" data-start=\"1752\" data-end=\"1878\">https:\/\/support.mozilla.org\/sk\/kb\/povolenie-zakazanie-cookies<\/a><\/p><\/li><li class=\"\" data-start=\"1881\" data-end=\"2015\"><p class=\"\" data-start=\"1883\" data-end=\"2015\"><strong data-start=\"1883\" data-end=\"1894\">Safari:<\/strong> <a class=\"\" href=\"https:\/\/support.apple.com\/sk-sk\/guide\/safari\/sfri11471\/mac\" target=\"_new\" rel=\"noopener\" data-start=\"1895\" data-end=\"2015\">https:\/\/support.apple.com\/sk-sk\/guide\/safari\/sfri11471\/mac<\/a><\/p><\/li><\/ul><h3 class=\"\" data-start=\"2017\" data-end=\"2033\">4. Kontakt<\/h3><p class=\"\" data-start=\"2034\" data-end=\"2195\">Ak m\u00e1te ak\u00e9ko\u013evek ot\u00e1zky t\u00fdkaj\u00face sa pou\u017e\u00edvania cookies na na\u0161ej str\u00e1nke, kontaktujte n\u00e1s na:<br data-start=\"2127\" data-end=\"2130\" \/>\ud83d\udce7 <strong data-start=\"2133\" data-end=\"2156\"><a rel=\"noopener\" data-start=\"2135\" data-end=\"2154\">dpo@skautisenica.sk<\/a><\/strong><br data-start=\"2156\" data-end=\"2159\" \/>\ud83c\udfe0 <strong data-start=\"2162\" data-end=\"2195\">V. Paul\u00ednyho-T\u00f3tha 32, Senica<\/strong><\/p>\t\t\t\t\t\t\t\t<\/div>\n\t\t\t\t\t<\/div>\n\t\t\t\t<\/div>\n\t\t<div class=\"elementor-element elementor-element-af1316c e-flex e-con-boxed e-con e-parent\" data-id=\"af1316c\" data-element_type=\"container\" data-e-type=\"container\">\n\t\t\t\t\t<div class=\"e-con-inner\">\n\t\t\t\t<div class=\"elementor-element elementor-element-42ac5a0 elementor-widget elementor-widget-spacer\" data-id=\"42ac5a0\" data-element_type=\"widget\" data-e-type=\"widget\" data-widget_type=\"spacer.default\">\n\t\t\t\t\t\t\t<div class=\"elementor-spacer\">\n\t\t\t<div class=\"elementor-spacer-inner\"><\/div>\n\t\t<\/div>\n\t\t\t\t\t\t<\/div>\n\t\t\t\t\t<\/div>\n\t\t\t\t<\/div>\n\t\t\t\t<\/div>","protected":false},"excerpt":{"rendered":"<p>Z\u00e1sady pou\u017e\u00edvania s\u00faborov cookie www.skautisenica.sk48. pr\u00edstav vodn\u00fdch skautov &#8220;BUFO VIRIDIS&#8221; Senica 1. \u010co s\u00fa s\u00fabory cookie? S\u00fabory cookie s\u00fa mal\u00e9 [&hellip;]<\/p>\n","protected":false},"author":1,"featured_media":0,"parent":107,"menu_order":0,"comment_status":"closed","ping_status":"closed","template":"","meta":{"_monsterinsights_skip_tracking":false,"_monsterinsights_sitenote_active":false,"_monsterinsights_sitenote_note":"","_monsterinsights_sitenote_category":0,"site-sidebar-layout":"default","site-content-layout":"","ast-site-content-layout":"default","site-content-style":"default","site-sidebar-style":"default","ast-global-header-display":"","ast-banner-title-visibility":"","ast-main-header-display":"","ast-hfb-above-header-display":"","ast-hfb-below-header-display":"","ast-hfb-mobile-header-display":"","site-post-title":"","ast-breadcrumbs-content":"","ast-featured-img":"","footer-sml-layout":"","ast-disable-related-posts":"","theme-transparent-header-meta":"default","adv-header-id-meta":"","stick-header-meta":"","header-above-stick-meta":"","header-main-stick-meta":"","header-below-stick-meta":"","astra-migrate-meta-layouts":"set","ast-page-background-enabled":"default","ast-page-background-meta":{"desktop":{"background-color":"var(--ast-global-color-4)","background-image":"","background-repeat":"repeat","background-position":"center center","background-size":"auto","background-attachment":"scroll","background-type":"","background-media":"","overlay-type":"","overlay-color":"","overlay-opacity":"","overlay-gradient":""},"tablet":{"background-color":"","background-image":"","background-repeat":"repeat","background-position":"center center","background-size":"auto","background-attachment":"scroll","background-type":"","background-media":"","overlay-type":"","overlay-color":"","overlay-opacity":"","overlay-gradient":""},"mobile":{"background-color":"","background-image":"","background-repeat":"repeat","background-position":"center center","background-size":"auto","background-attachment":"scroll","background-type":"","background-media":"","overlay-type":"","overlay-color":"","overlay-opacity":"","overlay-gradient":""}},"ast-content-background-meta":{"desktop":{"background-color":"var(--ast-global-color-5)","background-image":"","background-repeat":"repeat","background-position":"center center","background-size":"auto","background-attachment":"scroll","background-type":"","background-media":"","overlay-type":"","overlay-color":"","overlay-opacity":"","overlay-gradient":""},"tablet":{"background-color":"var(--ast-global-color-5)","background-image":"","background-repeat":"repeat","background-position":"center center","background-size":"auto","background-attachment":"scroll","background-type":"","background-media":"","overlay-type":"","overlay-color":"","overlay-opacity":"","overlay-gradient":""},"mobile":{"background-color":"var(--ast-global-color-5)","background-image":"","background-repeat":"repeat","background-position":"center center","background-size":"auto","background-attachment":"scroll","background-type":"","background-media":"","overlay-type":"","overlay-color":"","overlay-opacity":"","overlay-gradient":""}},"footnotes":""},"class_list":["post-11","page","type-page","status-publish","hentry"],"_links":{"self":[{"href":"https:\/\/www.skautisenica.sk\/en\/wp-json\/wp\/v2\/pages\/11","targetHints":{"allow":["GET"]}}],"collection":[{"href":"https:\/\/www.skautisenica.sk\/en\/wp-json\/wp\/v2\/pages"}],"about":[{"href":"https:\/\/www.skautisenica.sk\/en\/wp-json\/wp\/v2\/types\/page"}],"author":[{"embeddable":true,"href":"https:\/\/www.skautisenica.sk\/en\/wp-json\/wp\/v2\/users\/1"}],"replies":[{"embeddable":true,"href":"https:\/\/www.skautisenica.sk\/en\/wp-json\/wp\/v2\/comments?post=11"}],"version-history":[{"count":5,"href":"https:\/\/www.skautisenica.sk\/en\/wp-json\/wp\/v2\/pages\/11\/revisions"}],"predecessor-version":[{"id":2824,"href":"https:\/\/www.skautisenica.sk\/en\/wp-json\/wp\/v2\/pages\/11\/revisions\/2824"}],"up":[{"embeddable":true,"href":"https:\/\/www.skautisenica.sk\/en\/wp-json\/wp\/v2\/pages\/107"}],"wp:attachment":[{"href":"https:\/\/www.skautisenica.sk\/en\/wp-json\/wp\/v2\/media?parent=11"}],"curies":[{"name":"wp","href":"https:\/\/api.w.org\/{rel}","templated":true}]}}