{"id":1346,"date":"2024-12-05T17:50:01","date_gmt":"2024-12-05T16:50:01","guid":{"rendered":"https:\/\/www.skautisenica.sk\/?page_id=1346"},"modified":"2026-02-17T10:52:36","modified_gmt":"2026-02-17T09:52:36","slug":"sien-slavy","status":"publish","type":"page","link":"https:\/\/www.skautisenica.sk\/en\/o-nas\/sien-slavy\/","title":{"rendered":"Hall of Fame"},"content":{"rendered":"<div data-elementor-type=\"wp-page\" data-elementor-id=\"1346\" class=\"elementor elementor-1346\" data-elementor-post-type=\"page\">\n\t\t\t\t<div class=\"elementor-element elementor-element-bbcbff4 e-flex e-con-boxed e-con e-parent\" data-id=\"bbcbff4\" data-element_type=\"container\" data-e-type=\"container\">\n\t\t\t\t\t<div class=\"e-con-inner\">\n\t\t\t\t<div class=\"elementor-element elementor-element-13ee478 elementor-widget elementor-widget-spacer\" data-id=\"13ee478\" data-element_type=\"widget\" data-e-type=\"widget\" data-widget_type=\"spacer.default\">\n\t\t\t\t\t\t\t<div class=\"elementor-spacer\">\n\t\t\t<div class=\"elementor-spacer-inner\"><\/div>\n\t\t<\/div>\n\t\t\t\t\t\t<\/div>\n\t\t\t\t\t<\/div>\n\t\t\t\t<\/div>\n\t\t<div class=\"elementor-element elementor-element-109e7d7 e-flex e-con-boxed e-con e-parent\" data-id=\"109e7d7\" data-element_type=\"container\" data-e-type=\"container\">\n\t\t\t\t\t<div class=\"e-con-inner\">\n\t\t\t\t<div class=\"elementor-element elementor-element-08a972d elementor-headline--style-highlight elementor-widget elementor-widget-animated-headline\" data-id=\"08a972d\" data-element_type=\"widget\" data-e-type=\"widget\" data-settings=\"{&quot;marker&quot;:&quot;curly&quot;,&quot;highlighted_text&quot;:&quot;Sie\\u0148 sl\\u00e1vy&quot;,&quot;headline_style&quot;:&quot;highlight&quot;,&quot;loop&quot;:&quot;yes&quot;,&quot;highlight_animation_duration&quot;:1200,&quot;highlight_iteration_delay&quot;:8000}\" data-widget_type=\"animated-headline.default\">\n\t\t\t\t\t\t\t<h3 class=\"elementor-headline\">\n\t\t\t\t<span class=\"elementor-headline-dynamic-wrapper elementor-headline-text-wrapper\">\n\t\t\t\t\t<span class=\"elementor-headline-dynamic-text elementor-headline-text-active\">Hall of Fame<\/span>\n\t\t\t\t<\/span>\n\t\t\t\t<\/h3>\n\t\t\t\t\t\t<\/div>\n\t\t\t\t\t<\/div>\n\t\t\t\t<\/div>\n\t\t<div class=\"elementor-element elementor-element-5636930 e-flex e-con-boxed e-con e-parent\" data-id=\"5636930\" data-element_type=\"container\" data-e-type=\"container\">\n\t\t\t\t\t<div class=\"e-con-inner\">\n\t\t\t\t<div class=\"elementor-element elementor-element-30e605c elementor-widget elementor-widget-text-editor\" data-id=\"30e605c\" data-element_type=\"widget\" data-e-type=\"widget\" data-widget_type=\"text-editor.default\">\n\t\t\t\t\t\t\t\t\t<p>In our Hall of Fame, we honor those who shape the history of our harbor. Welcome, and pay tribute to our partners \u2013 you could soon be one of them.<\/p>\t\t\t\t\t\t\t\t<\/div>\n\t\t\t\t\t<\/div>\n\t\t\t\t<\/div>\n\t\t<div class=\"elementor-element elementor-element-050620f e-flex e-con-boxed e-con e-parent\" data-id=\"050620f\" data-element_type=\"container\" data-e-type=\"container\">\n\t\t\t\t\t<div class=\"e-con-inner\">\n\t\t\t\t<div class=\"elementor-element elementor-element-03ff059 e-n-tabs-mobile elementor-widget elementor-widget-n-tabs\" data-id=\"03ff059\" data-element_type=\"widget\" data-e-type=\"widget\" data-settings=\"{&quot;horizontal_scroll&quot;:&quot;disable&quot;}\" data-widget_type=\"nested-tabs.default\">\n\t\t\t\t\t\t\t<div class=\"e-n-tabs\" data-widget-number=\"4190297\" aria-label=\"Tabs. Open items with Enter or Space, close with Escape and navigate using the Arrow keys.\" data-no-translation-aria-label=\"\">\n\t\t\t<div class=\"e-n-tabs-heading\" role=\"tablist\">\n\t\t\t\t\t<button id=\"e-n-tab-title-41902971\" data-tab-title-id=\"e-n-tab-title-41902971\" class=\"e-n-tab-title\" aria-selected=\"true\" data-tab-index=\"1\" role=\"tab\" tabindex=\"0\" aria-controls=\"e-n-tab-content-41902971\" style=\"--n-tabs-title-order: 1;\">\n\t\t\t\t\t\t<span class=\"e-n-tab-title-text\">\n\t\t\t\tFany\t\t\t<\/span>\n\t\t<\/button>\n\t\t\t\t<button id=\"e-n-tab-title-41902972\" data-tab-title-id=\"e-n-tab-title-41902972\" class=\"e-n-tab-title\" aria-selected=\"false\" data-tab-index=\"2\" role=\"tab\" tabindex=\"-1\" aria-controls=\"e-n-tab-content-41902972\" style=\"--n-tabs-title-order: 2;\">\n\t\t\t\t\t\t<span class=\"e-n-tab-title-text\">\n\t\t\t\tOrol\t\t\t<\/span>\n\t\t<\/button>\n\t\t\t\t<button id=\"e-n-tab-title-41902973\" data-tab-title-id=\"e-n-tab-title-41902973\" class=\"e-n-tab-title\" aria-selected=\"false\" data-tab-index=\"3\" role=\"tab\" tabindex=\"-1\" aria-controls=\"e-n-tab-content-41902973\" style=\"--n-tabs-title-order: 3;\">\n\t\t\t\t\t\t<span class=\"e-n-tab-title-text\">\n\t\t\t\tHmyz\u00e1k\t\t\t<\/span>\n\t\t<\/button>\n\t\t\t\t<button id=\"e-n-tab-title-41902974\" data-tab-title-id=\"e-n-tab-title-41902974\" class=\"e-n-tab-title\" aria-selected=\"false\" data-tab-index=\"4\" role=\"tab\" tabindex=\"-1\" aria-controls=\"e-n-tab-content-41902974\" style=\"--n-tabs-title-order: 4;\">\n\t\t\t\t\t\t<span class=\"e-n-tab-title-text\">\n\t\t\t\tMaj\u00e1k\t\t\t<\/span>\n\t\t<\/button>\n\t\t\t\t\t<\/div>\n\t\t\t<div class=\"e-n-tabs-content\">\n\t\t\t\t<div id=\"e-n-tab-content-41902971\" role=\"tabpanel\" aria-labelledby=\"e-n-tab-title-41902971\" data-tab-index=\"1\" style=\"--n-tabs-title-order: 1;\" class=\"e-active elementor-element elementor-element-9228312 e-con-full e-flex e-con e-child\" data-id=\"9228312\" data-element_type=\"container\" data-e-type=\"container\">\n\t\t<div class=\"elementor-element elementor-element-48fbe25 e-flex e-con-boxed e-con e-child\" data-id=\"48fbe25\" data-element_type=\"container\" data-e-type=\"container\">\n\t\t\t\t\t<div class=\"e-con-inner\">\n\t\t\t\t<div class=\"elementor-element elementor-element-e0a168e elementor-widget elementor-widget-text-editor\" data-id=\"e0a168e\" data-element_type=\"widget\" data-e-type=\"widget\" data-widget_type=\"text-editor.default\">\n\t\t\t\t\t\t\t\t\t<p class=\"translation-block\">Since the inception of scouting in Senica, she has been an active member and a seeker of good partners. Although<br>many good deeds for the community have been done by scouts as a whole, she is the driving force that attracts the necessary number of people to the event. Whether it\u2019s the Bethlehem Light, Frog TAXI (in which she has served from the beginning<br>and personally has the most volunteer hours in the transfer of migrating amphibians) or, starting this year, overseeing the activities of the entire troop, she is always in the background, setting an example for others. Thanks to her, her entire family is involved with our scouts, providing strong support for public events. Thanks to her, we are a good team that believes in the importance of what we do for the youth and the community. When Fany wears the uniform, it\u2019s clear that she takes scouting seriously. Her right sleeve is fully covered with mastered challenges and merit badges, some of which take more than a year to complete. Fanta herself believes in the sustainability<br>of our scouting initiatives and does not allow for a moment that we would stop. And as long as she\u2019s with us, we believe in it too.<\/p>\t\t\t\t\t\t\t\t<\/div>\n\t\t\t\t\t<\/div>\n\t\t\t\t<\/div>\n\t\t\t\t<\/div>\n\t\t<div id=\"e-n-tab-content-41902972\" role=\"tabpanel\" aria-labelledby=\"e-n-tab-title-41902972\" data-tab-index=\"2\" style=\"--n-tabs-title-order: 2;\" class=\"elementor-element elementor-element-e474e8e e-con-full e-flex e-con e-child\" data-id=\"e474e8e\" data-element_type=\"container\" data-e-type=\"container\">\n\t\t<div class=\"elementor-element elementor-element-44ff34a e-flex e-con-boxed e-con e-child\" data-id=\"44ff34a\" data-element_type=\"container\" data-e-type=\"container\">\n\t\t\t\t\t<div class=\"e-con-inner\">\n\t\t\t\t<div class=\"elementor-element elementor-element-a6bacd0 elementor-widget elementor-widget-text-editor\" data-id=\"a6bacd0\" data-element_type=\"widget\" data-e-type=\"widget\" data-widget_type=\"text-editor.default\">\n\t\t\t\t\t\t\t\t\t<p class=\"translation-block\">He is one of the founding members of the scout troop and, besides being a good partner, he has endurance<br>and a talent for working with younger scouts. Currently, he leads meetings with newcomers and does it well. He has believed in our<br>scouting dream and knows how to \u201cinfect\u201d his friends with it. He also takes his training for the leadership role seriously and diligently trains. As part of his community involvement, we should mention his dedicated service in Frog Taxi, Bethlehem Light, Bird Island, and, during the past summer, his leadership role in organizing a scout camp for both Senica troops \u2013 the younger cubs and the older scouts. Orel is<br>one of the co-authors of the story-telling project with multiple endings, and thanks to his ability and willingness to speak in public, he was able to successfully promote Senica\u2019s creative writing competitions at school.<br>He is always the first at volunteer events, and if it\u2019s necessary to perform in front of an unknown crowd, he\u2019s happy to take the lead.<br>Orel is our PR face and a valuable leadership role model for the younger scouts, always willing to help.<\/p>\t\t\t\t\t\t\t\t<\/div>\n\t\t\t\t\t<\/div>\n\t\t\t\t<\/div>\n\t\t\t\t<\/div>\n\t\t<div id=\"e-n-tab-content-41902973\" role=\"tabpanel\" aria-labelledby=\"e-n-tab-title-41902973\" data-tab-index=\"3\" style=\"--n-tabs-title-order: 3;\" class=\"elementor-element elementor-element-f5f0890 e-con-full e-flex e-con e-child\" data-id=\"f5f0890\" data-element_type=\"container\" data-e-type=\"container\">\n\t\t<div class=\"elementor-element elementor-element-d2bfa47 e-flex e-con-boxed e-con e-child\" data-id=\"d2bfa47\" data-element_type=\"container\" data-e-type=\"container\">\n\t\t\t\t\t<div class=\"e-con-inner\">\n\t\t\t\t<div class=\"elementor-element elementor-element-5baf8c1 elementor-widget elementor-widget-text-editor\" data-id=\"5baf8c1\" data-element_type=\"widget\" data-e-type=\"widget\" data-widget_type=\"text-editor.default\">\n\t\t\t\t\t\t\t\t\t<p class=\"translation-block\">Luk\u00e1\u0161 found out about scouting through an advertisement in the shopping center and immediately knew he wanted to help build boats. All three sailboats we have built with the scouts, and on which our enthusiastic sailors are currently racing, passed through his hands. He is one of the founders of scouting in Senica and has worked hundreds of volunteer hours planting trees, organizing workshops for paddle-making, and has helped hundreds of frogs and salamanders cross the road. Currently, he is helping with meetings and planning activities for our oldest rangers. He\u2019s a good partner, an enthusiastic kayaker, and a kind guy.<br>Many children from Senica know him as \u201cthe kayaker with a candy,\u201d as they tried to catch a valuable treasure in our Teplica while riding in kayaks during the Mother\u2019s Mile event. When working with younger scouts, he always knows how to gauge who needs a little challenge and who needs a helping hand. He doesn\u2019t say much, but his actions speak louder than words. He is a man of action and a role model for all of us who believe in scouting in Senica.<\/p>\t\t\t\t\t\t\t\t<\/div>\n\t\t\t\t\t<\/div>\n\t\t\t\t<\/div>\n\t\t\t\t<\/div>\n\t\t<div id=\"e-n-tab-content-41902974\" role=\"tabpanel\" aria-labelledby=\"e-n-tab-title-41902974\" data-tab-index=\"4\" style=\"--n-tabs-title-order: 4;\" class=\"elementor-element elementor-element-d9bab83 e-flex e-con-boxed e-con e-child\" data-id=\"d9bab83\" data-element_type=\"container\" data-e-type=\"container\">\n\t\t\t\t\t<div class=\"e-con-inner\">\n\t\t<div class=\"elementor-element elementor-element-b559df5 e-con-full e-flex e-con e-child\" data-id=\"b559df5\" data-element_type=\"container\" data-e-type=\"container\">\n\t\t\t\t<div class=\"elementor-element elementor-element-e9ae1a0 elementor-widget elementor-widget-text-editor\" data-id=\"e9ae1a0\" data-element_type=\"widget\" data-e-type=\"widget\" data-widget_type=\"text-editor.default\">\n\t\t\t\t\t\t\t\t\t<p class=\"translation-block\">He joined us as an adult, experienced, and hungry for the scouting lifestyle. Thanks to his extensive wilderness skills, we have in our team someone who can start a fire the Indian way (by rubbing sticks) in less than a minute. A year ago, the Lighthouse took over the supervision of the entire scout troop, thanks to<\/p><p class=\"translation-block\">him, we were able to start working with the younger scouts. Those who know him know that humility and peacefulness are his main virtues. However, few know that among the Senica scouts, he is one of the most enthusiastic promoters of yachting and one of the most willing drivers when it comes to transporting camp materials and crews on trips. The Lighthouse has been leading the frog patrols at Cerov\u00e1 for many years, which is our busiest spring migration route. Thanks to his creativity, our Frog Taxi has become a town-wide scouting art event, whether in the form of a dancing frog at the traditional sailors' ball, the frog king during the water unlocking, or our harbor logo, which proudly bears the name BUFO VIRIDIS (European Green Toad). The Lighthouse knows how to play with ideas and can draw everyone else into the fun. Learning through play \u2013 an old scouting motto \u2013 comes to life with him in all its beauty.<\/p>\t\t\t\t\t\t\t\t<\/div>\n\t\t\t\t<\/div>\n\t\t\t\t\t<\/div>\n\t\t\t\t<\/div>\n\t\t\t\t\t<\/div>\n\t\t<\/div>\n\t\t\t\t\t\t<\/div>\n\t\t\t\t\t<\/div>\n\t\t\t\t<\/div>\n\t\t<div class=\"elementor-element elementor-element-c5cf7f8 e-flex e-con-boxed e-con e-parent\" data-id=\"c5cf7f8\" data-element_type=\"container\" data-e-type=\"container\">\n\t\t\t\t\t<div class=\"e-con-inner\">\n\t\t\t\t<div class=\"elementor-element elementor-element-1653f72 elementor-widget elementor-widget-spacer\" data-id=\"1653f72\" data-element_type=\"widget\" data-e-type=\"widget\" data-widget_type=\"spacer.default\">\n\t\t\t\t\t\t\t<div class=\"elementor-spacer\">\n\t\t\t<div class=\"elementor-spacer-inner\"><\/div>\n\t\t<\/div>\n\t\t\t\t\t\t<\/div>\n\t\t\t\t\t<\/div>\n\t\t\t\t<\/div>\n\t\t\t\t<\/div>","protected":false},"excerpt":{"rendered":"<p>Sie\u0148 sl\u00e1vy V na\u0161ej Sieni sl\u00e1vy si pripom\u00edname t\u00fdch, ktor\u00ed formuj\u00fa hist\u00f3riu n\u00e1\u0161ho pr\u00edstavu. Vitaj a vzdaj\u00fa hold na\u0161im par\u0165\u00e1kom [&hellip;]<\/p>\n","protected":false},"author":1,"featured_media":0,"parent":103,"menu_order":0,"comment_status":"closed","ping_status":"closed","template":"","meta":{"_monsterinsights_skip_tracking":false,"_monsterinsights_sitenote_active":false,"_monsterinsights_sitenote_note":"","_monsterinsights_sitenote_category":0,"site-sidebar-layout":"no-sidebar","site-content-layout":"","ast-site-content-layout":"full-width-container","site-content-style":"default","site-sidebar-style":"default","ast-global-header-display":"","ast-banner-title-visibility":"","ast-main-header-display":"","ast-hfb-above-header-display":"","ast-hfb-below-header-display":"","ast-hfb-mobile-header-display":"","site-post-title":"","ast-breadcrumbs-content":"","ast-featured-img":"disabled","footer-sml-layout":"","ast-disable-related-posts":"","theme-transparent-header-meta":"","adv-header-id-meta":"","stick-header-meta":"","header-above-stick-meta":"","header-main-stick-meta":"","header-below-stick-meta":"","astra-migrate-meta-layouts":"default","ast-page-background-enabled":"default","ast-page-background-meta":{"desktop":{"background-color":"var(--ast-global-color-4)","background-image":"","background-repeat":"repeat","background-position":"center center","background-size":"auto","background-attachment":"scroll","background-type":"","background-media":"","overlay-type":"","overlay-color":"","overlay-opacity":"","overlay-gradient":""},"tablet":{"background-color":"","background-image":"","background-repeat":"repeat","background-position":"center center","background-size":"auto","background-attachment":"scroll","background-type":"","background-media":"","overlay-type":"","overlay-color":"","overlay-opacity":"","overlay-gradient":""},"mobile":{"background-color":"","background-image":"","background-repeat":"repeat","background-position":"center center","background-size":"auto","background-attachment":"scroll","background-type":"","background-media":"","overlay-type":"","overlay-color":"","overlay-opacity":"","overlay-gradient":""}},"ast-content-background-meta":{"desktop":{"background-color":"var(--ast-global-color-5)","background-image":"","background-repeat":"repeat","background-position":"center center","background-size":"auto","background-attachment":"scroll","background-type":"","background-media":"","overlay-type":"","overlay-color":"","overlay-opacity":"","overlay-gradient":""},"tablet":{"background-color":"var(--ast-global-color-5)","background-image":"","background-repeat":"repeat","background-position":"center center","background-size":"auto","background-attachment":"scroll","background-type":"","background-media":"","overlay-type":"","overlay-color":"","overlay-opacity":"","overlay-gradient":""},"mobile":{"background-color":"var(--ast-global-color-5)","background-image":"","background-repeat":"repeat","background-position":"center center","background-size":"auto","background-attachment":"scroll","background-type":"","background-media":"","overlay-type":"","overlay-color":"","overlay-opacity":"","overlay-gradient":""}},"footnotes":""},"class_list":["post-1346","page","type-page","status-publish","hentry"],"_links":{"self":[{"href":"https:\/\/www.skautisenica.sk\/en\/wp-json\/wp\/v2\/pages\/1346","targetHints":{"allow":["GET"]}}],"collection":[{"href":"https:\/\/www.skautisenica.sk\/en\/wp-json\/wp\/v2\/pages"}],"about":[{"href":"https:\/\/www.skautisenica.sk\/en\/wp-json\/wp\/v2\/types\/page"}],"author":[{"embeddable":true,"href":"https:\/\/www.skautisenica.sk\/en\/wp-json\/wp\/v2\/users\/1"}],"replies":[{"embeddable":true,"href":"https:\/\/www.skautisenica.sk\/en\/wp-json\/wp\/v2\/comments?post=1346"}],"version-history":[{"count":6,"href":"https:\/\/www.skautisenica.sk\/en\/wp-json\/wp\/v2\/pages\/1346\/revisions"}],"predecessor-version":[{"id":3526,"href":"https:\/\/www.skautisenica.sk\/en\/wp-json\/wp\/v2\/pages\/1346\/revisions\/3526"}],"up":[{"embeddable":true,"href":"https:\/\/www.skautisenica.sk\/en\/wp-json\/wp\/v2\/pages\/103"}],"wp:attachment":[{"href":"https:\/\/www.skautisenica.sk\/en\/wp-json\/wp\/v2\/media?parent=1346"}],"curies":[{"name":"wp","href":"https:\/\/api.w.org\/{rel}","templated":true}]}}