{"id":107,"date":"2024-09-18T17:10:18","date_gmt":"2024-09-18T15:10:18","guid":{"rendered":"https:\/\/www.skautisenica.sk\/?page_id=107"},"modified":"2026-02-20T23:17:23","modified_gmt":"2026-02-20T22:17:23","slug":"kontakt","status":"publish","type":"page","link":"https:\/\/www.skautisenica.sk\/sk\/kontakt\/","title":{"rendered":"Kontakt"},"content":{"rendered":"\t\t<div data-elementor-type=\"wp-page\" data-elementor-id=\"107\" class=\"elementor elementor-107\" data-elementor-post-type=\"page\">\n\t\t\t\t<div class=\"elementor-element elementor-element-e8b0238 e-flex e-con-boxed e-con e-parent\" data-id=\"e8b0238\" data-element_type=\"container\" data-e-type=\"container\">\n\t\t\t\t\t<div class=\"e-con-inner\">\n\t\t\t\t<div class=\"elementor-element elementor-element-708bed5 elementor-widget elementor-widget-spacer\" data-id=\"708bed5\" data-element_type=\"widget\" data-e-type=\"widget\" data-widget_type=\"spacer.default\">\n\t\t\t\t\t\t\t<div class=\"elementor-spacer\">\n\t\t\t<div class=\"elementor-spacer-inner\"><\/div>\n\t\t<\/div>\n\t\t\t\t\t\t<\/div>\n\t\t\t\t\t<\/div>\n\t\t\t\t<\/div>\n\t\t<div class=\"elementor-element elementor-element-9123e28 e-flex e-con-boxed e-con e-parent\" data-id=\"9123e28\" data-element_type=\"container\" data-e-type=\"container\">\n\t\t\t\t\t<div class=\"e-con-inner\">\n\t\t\t\t<div class=\"elementor-element elementor-element-8f0c209 elementor-headline--style-highlight elementor-widget elementor-widget-animated-headline\" data-id=\"8f0c209\" data-element_type=\"widget\" data-e-type=\"widget\" data-settings=\"{&quot;highlighted_text&quot;:&quot;Kontakt&quot;,&quot;marker&quot;:&quot;curly&quot;,&quot;headline_style&quot;:&quot;highlight&quot;,&quot;loop&quot;:&quot;yes&quot;,&quot;highlight_animation_duration&quot;:1200,&quot;highlight_iteration_delay&quot;:8000}\" data-widget_type=\"animated-headline.default\">\n\t\t\t\t\t\t\t<h3 class=\"elementor-headline\">\n\t\t\t\t<span class=\"elementor-headline-dynamic-wrapper elementor-headline-text-wrapper\">\n\t\t\t\t\t<span class=\"elementor-headline-dynamic-text elementor-headline-text-active\">Kontakt<\/span>\n\t\t\t\t<\/span>\n\t\t\t\t<\/h3>\n\t\t\t\t\t\t<\/div>\n\t\t\t\t\t<\/div>\n\t\t\t\t<\/div>\n\t\t<div class=\"elementor-element elementor-element-d9ea1bc e-flex e-con-boxed e-con e-parent\" data-id=\"d9ea1bc\" data-element_type=\"container\" data-e-type=\"container\">\n\t\t\t\t\t<div class=\"e-con-inner\">\n\t\t\t\t<div class=\"elementor-element elementor-element-d0795d5 elementor-widget elementor-widget-html\" data-id=\"d0795d5\" data-element_type=\"widget\" data-e-type=\"widget\" data-widget_type=\"html.default\">\n\t\t\t\t\t<div class=\"skaut-contacts-wrapper\">\r\n\r\n<div class=\"skaut-contacts-container\">\r\n<div class=\"skaut-contacts-grid\">\r\n\r\n<!-- HELPDESK -->\r\n<div class=\"skaut-contact-card skaut-helpdesk\">\r\n<div class=\"skaut-card-icon\">\r\n<svg viewBox=\"0 0 24 24\"><path d=\"M12 2a10 10 0 100 20 10 10 0 000-20zm1 15h-2v-2h2v2zm0-4h-2V7h2v6z\"\/><\/svg>\r\n<\/div>\r\n<div class=\"skaut-card-label\">Pomoc a podpora<\/div>\r\n<h2 class=\"skaut-card-title\">HELPDESK<\/h2>\r\n<p class=\"skaut-card-description\">\r\nAk m\u00e1te technick\u00fd probl\u00e9m, ot\u00e1zku k fungovaniu webu, \u010dlenskej sekcie alebo in\u00fdch online slu\u017eieb,\r\nnev\u00e1hajte kontaktova\u0165 helpdesk. Radi v\u00e1m pom\u00f4\u017eeme vyrie\u0161i\u0165 vzniknut\u00fd probl\u00e9m.\r\n<\/p>\r\n<a href=\"mailto:helpdesk@skautisenica.sk\" class=\"skaut-card-email\">helpdesk@skautisenica.sk<\/a>\r\n<\/div>\r\n\r\n<!-- VEREJNOS\u0164 -->\r\n<div class=\"skaut-contact-card skaut-public\">\r\n<div class=\"skaut-card-icon\">\r\n<svg viewBox=\"0 0 24 24\"><path d=\"M16 11a3 3 0 100-6 3 3 0 000 6zm-8 0a3 3 0 100-6 3 3 0 000 6zm0 2c-2.33 0-7 1.17-7 3.5V19h14v-2.5C15 14.17 10.33 13 8 13zm8 0c-.29 0-.62.02-.97.05C16.19 13.9 17 15.04 17 16.5V19h6v-2.5C23 14.17 18.33 13 16 13z\"\/><\/svg>\r\n<\/div>\r\n<div class=\"skaut-card-label\">Verejnos\u0165<\/div>\r\n<h2 class=\"skaut-card-title\">Rodi\u010dia a z\u00e1ujemcovia<\/h2>\r\n<p class=\"skaut-card-description\">\r\nAk m\u00e1te z\u00e1ujem o vstup do skautingu, chcete prihl\u00e1si\u0165 die\u0165a alebo sa len dozvedie\u0165 viac\r\no na\u0161ej \u010dinnosti, radi v\u00e1m poskytneme v\u0161etky potrebn\u00e9 inform\u00e1cie.\r\n<\/p>\r\n<a href=\"mailto:info@skautisenica.sk\" class=\"skaut-card-email\">info@skautisenica.sk<\/a>\r\n<\/div>\r\n\r\n<!-- GDPR -->\r\n<div class=\"skaut-contact-card skaut-privacy\">\r\n<div class=\"skaut-card-icon\">\r\n<svg viewBox=\"0 0 24 24\"><path d=\"M12 1a5 5 0 00-5 5v2H6a2 2 0 00-2 2v10a2 2 0 002 2h12a2 2 0 002-2V10a2 2 0 00-2-2h-1V6a5 5 0 00-5-5z\"\/><\/svg>\r\n<\/div>\r\n<div class=\"skaut-card-label\">Ochrana osobn\u00fdch \u00fadajov<\/div>\r\n<h2 class=\"skaut-card-title\">GDPR \/ DPO<\/h2>\r\n<p class=\"skaut-card-description\">\r\nOt\u00e1zky t\u00fdkaj\u00face sa sprac\u00favania osobn\u00fdch \u00fadajov, uplatnenia pr\u00e1v dotknut\u00fdch os\u00f4b\r\nalebo ochrany s\u00fakromia smerujte na poveren\u00fa osobu.\r\n<\/p>\r\n<a href=\"mailto:dpo@skautisenica.sk\" class=\"skaut-card-email\">dpo@skautisenica.sk<\/a>\r\n<\/div>\r\n\r\n<!-- M\u00c9DI\u00c1 -->\r\n<div class=\"skaut-contact-card skaut-media\">\r\n<div class=\"skaut-card-icon\">\r\n<svg viewBox=\"0 0 24 24\"><path d=\"M20 2H4a2 2 0 00-2 2v18l4-4h14a2 2 0 002-2V4a2 2 0 00-2-2z\"\/><\/svg>\r\n<\/div>\r\n<div class=\"skaut-card-label\">M\u00e9di\u00e1<\/div>\r\n<h2 class=\"skaut-card-title\">Redakcia a komunik\u00e1cia<\/h2>\r\n<p class=\"skaut-card-description\">\r\nPre medi\u00e1lne dopyty, tla\u010dov\u00e9 spr\u00e1vy, spolupr\u00e1cu alebo publikovanie inform\u00e1ci\u00ed\r\no na\u0161ej \u010dinnosti kontaktujte redak\u010dn\u00fd t\u00edm.\r\n<\/p>\r\n<a href=\"mailto:media@skautisenica.sk\" class=\"skaut-card-email\">media@skautisenica.sk<\/a>\r\n<\/div>\r\n\r\n<!-- INCIDENTY -->\r\n<div class=\"skaut-contact-card skaut-issues\">\r\n<div class=\"skaut-card-icon\">\r\n<svg viewBox=\"0 0 24 24\"><path d=\"M1 21h22L12 2 1 21zm12-3h-2v-2h2v2zm0-4h-2v-4h2v4z\"\/><\/svg>\r\n<\/div>\r\n<div class=\"skaut-card-label\">Incidenty<\/div>\r\n<h2 class=\"skaut-card-title\">Nahl\u00e1senie incidentov<\/h2>\r\n<p class=\"skaut-card-description\">\r\nV pr\u00edpade technick\u00fdch, bezpe\u010dnostn\u00fdch alebo in\u00fdch z\u00e1va\u017en\u00fdch incidentov\r\nn\u00e1m dajte vedie\u0165 \u010do najsk\u00f4r, aby sme mohli situ\u00e1ciu rie\u0161i\u0165.\r\n<\/p>\r\n<a href=\"mailto:issues@skautisenica.sk\" class=\"skaut-card-email\">issues@skautisenica.sk<\/a>\r\n<\/div>\r\n\r\n<!-- ADMINI -->\r\n<div class=\"skaut-contact-card skaut-admins\">\r\n<div class=\"skaut-card-icon\">\r\n<svg viewBox=\"0 0 24 24\"><path d=\"M12 1L3 5v6c0 5.55 3.84 10.74 9 12 5.16-1.26 9-6.45 9-12V5l-9-4z\"\/><\/svg>\r\n<\/div>\r\n<div class=\"skaut-card-label\">Administr\u00e1cia<\/div>\r\n<h2 class=\"skaut-card-title\">Administr\u00e1tori syst\u00e9mu<\/h2>\r\n<p class=\"skaut-card-description\">\r\nTechnick\u00e9 z\u00e1le\u017eitosti, spr\u00e1va syst\u00e9mu, pr\u00edstupov a intern\u00fdch n\u00e1strojov\r\nrie\u0161i administr\u00e1torsk\u00fd t\u00edm.\r\n<\/p>\r\n<a href=\"mailto:admins@skautisenica.sk\" class=\"skaut-card-email\">admins@skautisenica.sk<\/a>\r\n<\/div>\r\n\r\n<\/div>\r\n<\/div>\r\n<\/div>\r\n\t\t\t\t<\/div>\n\t\t\t\t<div class=\"elementor-element elementor-element-d3274d5 elementor-widget elementor-widget-spacer\" data-id=\"d3274d5\" data-element_type=\"widget\" data-e-type=\"widget\" data-widget_type=\"spacer.default\">\n\t\t\t\t\t\t\t<div class=\"elementor-spacer\">\n\t\t\t<div class=\"elementor-spacer-inner\"><\/div>\n\t\t<\/div>\n\t\t\t\t\t\t<\/div>\n\t\t\t\t<div class=\"elementor-element elementor-element-89670b7 elementor-headline--style-highlight elementor-widget elementor-widget-animated-headline\" data-id=\"89670b7\" data-element_type=\"widget\" data-e-type=\"widget\" data-settings=\"{&quot;highlighted_text&quot;:&quot;Kontaktn\\u00fd formul\\u00e1r&quot;,&quot;marker&quot;:&quot;curly&quot;,&quot;headline_style&quot;:&quot;highlight&quot;,&quot;loop&quot;:&quot;yes&quot;,&quot;highlight_animation_duration&quot;:1200,&quot;highlight_iteration_delay&quot;:8000}\" data-widget_type=\"animated-headline.default\">\n\t\t\t\t\t\t\t<h3 class=\"elementor-headline\">\n\t\t\t\t<span class=\"elementor-headline-dynamic-wrapper elementor-headline-text-wrapper\">\n\t\t\t\t\t<span class=\"elementor-headline-dynamic-text elementor-headline-text-active\">Kontaktn\u00fd formul\u00e1r<\/span>\n\t\t\t\t<\/span>\n\t\t\t\t<\/h3>\n\t\t\t\t\t\t<\/div>\n\t\t\t\t<div class=\"elementor-element elementor-element-f643707 elementor-widget elementor-widget-html\" data-id=\"f643707\" data-element_type=\"widget\" data-e-type=\"widget\" data-widget_type=\"html.default\">\n\t\t\t\t\t<!-- Start of LiveAgent integration script: Contact form: Formul\u00e1r - Webstr\u00e1nka -->\r\n<script type=\"text\/javascript\">\r\n(function(d, src, c) { var t=d.scripts[d.scripts.length - 1],s=d.createElement('script');s.id='la_x2s6df8d';s.defer=true;s.src=src;s.onload=s.onreadystatechange=function(){var rs=this.readyState;if(rs&&(rs!='complete')&&(rs!='loaded')){return;}c(this);};t.parentElement.insertBefore(s,t.nextSibling);})(document,\r\n'https:\/\/support.skautisenica.sk\/scripts\/track.js',\r\nfunction(e){ LiveAgent.createForm('qs2cs2yp', e); });\r\n<\/script>\r\n<!-- End of LiveAgent integration script -->\t\t\t\t<\/div>\n\t\t\t\t\t<\/div>\n\t\t\t\t<\/div>\n\t\t<div class=\"elementor-element elementor-element-6f51a1f e-flex e-con-boxed e-con e-parent\" data-id=\"6f51a1f\" data-element_type=\"container\" data-e-type=\"container\">\n\t\t\t\t\t<div class=\"e-con-inner\">\n\t\t\t\t<div class=\"elementor-element elementor-element-5c1541f elementor-widget elementor-widget-spacer\" data-id=\"5c1541f\" data-element_type=\"widget\" data-e-type=\"widget\" data-widget_type=\"spacer.default\">\n\t\t\t\t\t\t\t<div class=\"elementor-spacer\">\n\t\t\t<div class=\"elementor-spacer-inner\"><\/div>\n\t\t<\/div>\n\t\t\t\t\t\t<\/div>\n\t\t\t\t<div class=\"elementor-element elementor-element-310b2bc elementor-headline--style-highlight elementor-widget elementor-widget-animated-headline\" data-id=\"310b2bc\" data-element_type=\"widget\" data-e-type=\"widget\" data-settings=\"{&quot;highlighted_text&quot;:&quot;Sledujte n\\u00e1s tu&quot;,&quot;marker&quot;:&quot;curly&quot;,&quot;headline_style&quot;:&quot;highlight&quot;,&quot;loop&quot;:&quot;yes&quot;,&quot;highlight_animation_duration&quot;:1200,&quot;highlight_iteration_delay&quot;:8000}\" data-widget_type=\"animated-headline.default\">\n\t\t\t\t\t\t\t<h3 class=\"elementor-headline\">\n\t\t\t\t<span class=\"elementor-headline-dynamic-wrapper elementor-headline-text-wrapper\">\n\t\t\t\t\t<span class=\"elementor-headline-dynamic-text elementor-headline-text-active\">Sledujte n\u00e1s tu<\/span>\n\t\t\t\t<\/span>\n\t\t\t\t<\/h3>\n\t\t\t\t\t\t<\/div>\n\t\t\t\t\t<\/div>\n\t\t\t\t<\/div>\n\t\t<div class=\"elementor-element elementor-element-eb91eae e-flex e-con-boxed e-con e-parent\" data-id=\"eb91eae\" data-element_type=\"container\" data-e-type=\"container\">\n\t\t\t\t\t<div class=\"e-con-inner\">\n\t\t\t\t<div class=\"elementor-element elementor-element-56e27a0 elementor-shape-circle elementor-grid-0 e-grid-align-center elementor-widget elementor-widget-social-icons\" data-id=\"56e27a0\" data-element_type=\"widget\" data-e-type=\"widget\" data-widget_type=\"social-icons.default\">\n\t\t\t\t\t\t\t<div class=\"elementor-social-icons-wrapper elementor-grid\" role=\"list\">\n\t\t\t\t\t\t\t<span class=\"elementor-grid-item\" role=\"listitem\">\n\t\t\t\t\t<a class=\"elementor-icon elementor-social-icon elementor-social-icon-facebook elementor-repeater-item-d76b5a4\" href=\"https:\/\/www.facebook.com\/people\/48-pr%C3%ADstav-vodn%C3%BDch-skautov-Bufo-Viridis-Senica\/61560271336811\/?sk=reels_tab&#038;locale=sk_SK\" target=\"_blank\" rel=\"noopener\">\n\t\t\t\t\t\t<span class=\"elementor-screen-only\">Facebook<\/span>\n\t\t\t\t\t\t<svg aria-hidden=\"true\" class=\"e-font-icon-svg e-fab-facebook\" viewBox=\"0 0 512 512\" xmlns=\"http:\/\/www.w3.org\/2000\/svg\"><path d=\"M504 256C504 119 393 8 256 8S8 119 8 256c0 123.78 90.69 226.38 209.25 245V327.69h-63V256h63v-54.64c0-62.15 37-96.48 93.67-96.48 27.14 0 55.52 4.84 55.52 4.84v61h-31.28c-30.8 0-40.41 19.12-40.41 38.73V256h68.78l-11 71.69h-57.78V501C413.31 482.38 504 379.78 504 256z\"><\/path><\/svg>\t\t\t\t\t<\/a>\n\t\t\t\t<\/span>\n\t\t\t\t\t\t\t<span class=\"elementor-grid-item\" role=\"listitem\">\n\t\t\t\t\t<a class=\"elementor-icon elementor-social-icon elementor-social-icon-youtube elementor-repeater-item-edc8e32\" href=\"https:\/\/www.youtube.com\/@48.pristavBUFOVIRIDIS\" target=\"_blank\" rel=\"noopener\">\n\t\t\t\t\t\t<span class=\"elementor-screen-only\">Youtube<\/span>\n\t\t\t\t\t\t<svg aria-hidden=\"true\" class=\"e-font-icon-svg e-fab-youtube\" viewBox=\"0 0 576 512\" xmlns=\"http:\/\/www.w3.org\/2000\/svg\"><path d=\"M549.655 124.083c-6.281-23.65-24.787-42.276-48.284-48.597C458.781 64 288 64 288 64S117.22 64 74.629 75.486c-23.497 6.322-42.003 24.947-48.284 48.597-11.412 42.867-11.412 132.305-11.412 132.305s0 89.438 11.412 132.305c6.281 23.65 24.787 41.5 48.284 47.821C117.22 448 288 448 288 448s170.78 0 213.371-11.486c23.497-6.321 42.003-24.171 48.284-47.821 11.412-42.867 11.412-132.305 11.412-132.305s0-89.438-11.412-132.305zm-317.51 213.508V175.185l142.739 81.205-142.739 81.201z\"><\/path><\/svg>\t\t\t\t\t<\/a>\n\t\t\t\t<\/span>\n\t\t\t\t\t\t\t<span class=\"elementor-grid-item\" role=\"listitem\">\n\t\t\t\t\t<a class=\"elementor-icon elementor-social-icon elementor-social-icon-instagram elementor-repeater-item-cb579d0\" href=\"https:\/\/www.instagram.com\/skauti_senica\" target=\"_blank\" rel=\"noopener\">\n\t\t\t\t\t\t<span class=\"elementor-screen-only\">Instagram<\/span>\n\t\t\t\t\t\t<svg aria-hidden=\"true\" class=\"e-font-icon-svg e-fab-instagram\" viewBox=\"0 0 448 512\" xmlns=\"http:\/\/www.w3.org\/2000\/svg\"><path d=\"M224.1 141c-63.6 0-114.9 51.3-114.9 114.9s51.3 114.9 114.9 114.9S339 319.5 339 255.9 287.7 141 224.1 141zm0 189.6c-41.1 0-74.7-33.5-74.7-74.7s33.5-74.7 74.7-74.7 74.7 33.5 74.7 74.7-33.6 74.7-74.7 74.7zm146.4-194.3c0 14.9-12 26.8-26.8 26.8-14.9 0-26.8-12-26.8-26.8s12-26.8 26.8-26.8 26.8 12 26.8 26.8zm76.1 27.2c-1.7-35.9-9.9-67.7-36.2-93.9-26.2-26.2-58-34.4-93.9-36.2-37-2.1-147.9-2.1-184.9 0-35.8 1.7-67.6 9.9-93.9 36.1s-34.4 58-36.2 93.9c-2.1 37-2.1 147.9 0 184.9 1.7 35.9 9.9 67.7 36.2 93.9s58 34.4 93.9 36.2c37 2.1 147.9 2.1 184.9 0 35.9-1.7 67.7-9.9 93.9-36.2 26.2-26.2 34.4-58 36.2-93.9 2.1-37 2.1-147.8 0-184.8zM398.8 388c-7.8 19.6-22.9 34.7-42.6 42.6-29.5 11.7-99.5 9-132.1 9s-102.7 2.6-132.1-9c-19.6-7.8-34.7-22.9-42.6-42.6-11.7-29.5-9-99.5-9-132.1s-2.6-102.7 9-132.1c7.8-19.6 22.9-34.7 42.6-42.6 29.5-11.7 99.5-9 132.1-9s102.7-2.6 132.1 9c19.6 7.8 34.7 22.9 42.6 42.6 11.7 29.5 9 99.5 9 132.1s2.7 102.7-9 132.1z\"><\/path><\/svg>\t\t\t\t\t<\/a>\n\t\t\t\t<\/span>\n\t\t\t\t\t<\/div>\n\t\t\t\t\t\t<\/div>\n\t\t\t\t\t<\/div>\n\t\t\t\t<\/div>\n\t\t<div class=\"elementor-element elementor-element-1e72e8c e-flex e-con-boxed e-con e-parent\" data-id=\"1e72e8c\" data-element_type=\"container\" data-e-type=\"container\">\n\t\t\t\t\t<div class=\"e-con-inner\">\n\t\t\t\t<div class=\"elementor-element elementor-element-22e18d5 elementor-widget elementor-widget-spacer\" data-id=\"22e18d5\" data-element_type=\"widget\" data-e-type=\"widget\" data-widget_type=\"spacer.default\">\n\t\t\t\t\t\t\t<div class=\"elementor-spacer\">\n\t\t\t<div class=\"elementor-spacer-inner\"><\/div>\n\t\t<\/div>\n\t\t\t\t\t\t<\/div>\n\t\t\t\t\t<\/div>\n\t\t\t\t<\/div>\n\t\t\t\t<\/div>\n\t\t","protected":false},"excerpt":{"rendered":"<p>Kontakt Pomoc a podpora HELPDESK Ak m\u00e1te technick\u00fd probl\u00e9m, ot\u00e1zku k fungovaniu webu, \u010dlenskej sekcie alebo in\u00fdch online slu\u017eieb, nev\u00e1hajte [&hellip;]<\/p>\n","protected":false},"author":1,"featured_media":0,"parent":0,"menu_order":0,"comment_status":"closed","ping_status":"closed","template":"","meta":{"_monsterinsights_skip_tracking":false,"_monsterinsights_sitenote_active":false,"_monsterinsights_sitenote_note":"","_monsterinsights_sitenote_category":0,"site-sidebar-layout":"no-sidebar","site-content-layout":"","ast-site-content-layout":"full-width-container","site-content-style":"default","site-sidebar-style":"default","ast-global-header-display":"","ast-banner-title-visibility":"","ast-main-header-display":"","ast-hfb-above-header-display":"","ast-hfb-below-header-display":"","ast-hfb-mobile-header-display":"","site-post-title":"","ast-breadcrumbs-content":"","ast-featured-img":"disabled","footer-sml-layout":"","ast-disable-related-posts":"","theme-transparent-header-meta":"","adv-header-id-meta":"","stick-header-meta":"","header-above-stick-meta":"","header-main-stick-meta":"","header-below-stick-meta":"","astra-migrate-meta-layouts":"default","ast-page-background-enabled":"default","ast-page-background-meta":{"desktop":{"background-color":"var(--ast-global-color-4)","background-image":"","background-repeat":"repeat","background-position":"center center","background-size":"auto","background-attachment":"scroll","background-type":"","background-media":"","overlay-type":"","overlay-color":"","overlay-opacity":"","overlay-gradient":""},"tablet":{"background-color":"","background-image":"","background-repeat":"repeat","background-position":"center center","background-size":"auto","background-attachment":"scroll","background-type":"","background-media":"","overlay-type":"","overlay-color":"","overlay-opacity":"","overlay-gradient":""},"mobile":{"background-color":"","background-image":"","background-repeat":"repeat","background-position":"center center","background-size":"auto","background-attachment":"scroll","background-type":"","background-media":"","overlay-type":"","overlay-color":"","overlay-opacity":"","overlay-gradient":""}},"ast-content-background-meta":{"desktop":{"background-color":"var(--ast-global-color-5)","background-image":"","background-repeat":"repeat","background-position":"center center","background-size":"auto","background-attachment":"scroll","background-type":"","background-media":"","overlay-type":"","overlay-color":"","overlay-opacity":"","overlay-gradient":""},"tablet":{"background-color":"var(--ast-global-color-5)","background-image":"","background-repeat":"repeat","background-position":"center center","background-size":"auto","background-attachment":"scroll","background-type":"","background-media":"","overlay-type":"","overlay-color":"","overlay-opacity":"","overlay-gradient":""},"mobile":{"background-color":"var(--ast-global-color-5)","background-image":"","background-repeat":"repeat","background-position":"center center","background-size":"auto","background-attachment":"scroll","background-type":"","background-media":"","overlay-type":"","overlay-color":"","overlay-opacity":"","overlay-gradient":""}},"footnotes":""},"class_list":["post-107","page","type-page","status-publish","hentry"],"_links":{"self":[{"href":"https:\/\/www.skautisenica.sk\/sk\/wp-json\/wp\/v2\/pages\/107","targetHints":{"allow":["GET"]}}],"collection":[{"href":"https:\/\/www.skautisenica.sk\/sk\/wp-json\/wp\/v2\/pages"}],"about":[{"href":"https:\/\/www.skautisenica.sk\/sk\/wp-json\/wp\/v2\/types\/page"}],"author":[{"embeddable":true,"href":"https:\/\/www.skautisenica.sk\/sk\/wp-json\/wp\/v2\/users\/1"}],"replies":[{"embeddable":true,"href":"https:\/\/www.skautisenica.sk\/sk\/wp-json\/wp\/v2\/comments?post=107"}],"version-history":[{"count":6,"href":"https:\/\/www.skautisenica.sk\/sk\/wp-json\/wp\/v2\/pages\/107\/revisions"}],"predecessor-version":[{"id":3574,"href":"https:\/\/www.skautisenica.sk\/sk\/wp-json\/wp\/v2\/pages\/107\/revisions\/3574"}],"wp:attachment":[{"href":"https:\/\/www.skautisenica.sk\/sk\/wp-json\/wp\/v2\/media?parent=107"}],"curies":[{"name":"wp","href":"https:\/\/api.w.org\/{rel}","templated":true}]}}