{"id":1346,"date":"2024-12-05T17:50:01","date_gmt":"2024-12-05T16:50:01","guid":{"rendered":"https:\/\/www.skautisenica.sk\/?page_id=1346"},"modified":"2026-02-17T10:52:36","modified_gmt":"2026-02-17T09:52:36","slug":"sien-slavy","status":"publish","type":"page","link":"https:\/\/www.skautisenica.sk\/sk\/o-nas\/sien-slavy\/","title":{"rendered":"Sie\u0148 sl\u00e1vy"},"content":{"rendered":"\t\t<div data-elementor-type=\"wp-page\" data-elementor-id=\"1346\" class=\"elementor elementor-1346\" data-elementor-post-type=\"page\">\n\t\t\t\t<div class=\"elementor-element elementor-element-bbcbff4 e-flex e-con-boxed e-con e-parent\" data-id=\"bbcbff4\" data-element_type=\"container\" data-e-type=\"container\">\n\t\t\t\t\t<div class=\"e-con-inner\">\n\t\t\t\t<div class=\"elementor-element elementor-element-13ee478 elementor-widget elementor-widget-spacer\" data-id=\"13ee478\" data-element_type=\"widget\" data-e-type=\"widget\" data-widget_type=\"spacer.default\">\n\t\t\t\t\t\t\t<div class=\"elementor-spacer\">\n\t\t\t<div class=\"elementor-spacer-inner\"><\/div>\n\t\t<\/div>\n\t\t\t\t\t\t<\/div>\n\t\t\t\t\t<\/div>\n\t\t\t\t<\/div>\n\t\t<div class=\"elementor-element elementor-element-109e7d7 e-flex e-con-boxed e-con e-parent\" data-id=\"109e7d7\" data-element_type=\"container\" data-e-type=\"container\">\n\t\t\t\t\t<div class=\"e-con-inner\">\n\t\t\t\t<div class=\"elementor-element elementor-element-08a972d elementor-headline--style-highlight elementor-widget elementor-widget-animated-headline\" data-id=\"08a972d\" data-element_type=\"widget\" data-e-type=\"widget\" data-settings=\"{&quot;marker&quot;:&quot;curly&quot;,&quot;highlighted_text&quot;:&quot;Sie\\u0148 sl\\u00e1vy&quot;,&quot;headline_style&quot;:&quot;highlight&quot;,&quot;loop&quot;:&quot;yes&quot;,&quot;highlight_animation_duration&quot;:1200,&quot;highlight_iteration_delay&quot;:8000}\" data-widget_type=\"animated-headline.default\">\n\t\t\t\t\t\t\t<h3 class=\"elementor-headline\">\n\t\t\t\t<span class=\"elementor-headline-dynamic-wrapper elementor-headline-text-wrapper\">\n\t\t\t\t\t<span class=\"elementor-headline-dynamic-text elementor-headline-text-active\">Sie\u0148 sl\u00e1vy<\/span>\n\t\t\t\t<\/span>\n\t\t\t\t<\/h3>\n\t\t\t\t\t\t<\/div>\n\t\t\t\t\t<\/div>\n\t\t\t\t<\/div>\n\t\t<div class=\"elementor-element elementor-element-5636930 e-flex e-con-boxed e-con e-parent\" data-id=\"5636930\" data-element_type=\"container\" data-e-type=\"container\">\n\t\t\t\t\t<div class=\"e-con-inner\">\n\t\t\t\t<div class=\"elementor-element elementor-element-30e605c elementor-widget elementor-widget-text-editor\" data-id=\"30e605c\" data-element_type=\"widget\" data-e-type=\"widget\" data-widget_type=\"text-editor.default\">\n\t\t\t\t\t\t\t\t\t<p>V na\u0161ej Sieni sl\u00e1vy si pripom\u00edname t\u00fdch, ktor\u00ed formuj\u00fa hist\u00f3riu n\u00e1\u0161ho pr\u00edstavu. Vitaj a vzdaj\u00fa hold na\u0161im par\u0165\u00e1kom &#8211; \u010dochv\u00ed\u013ea m\u00f4\u017ee\u0161 patri\u0165 medzi nich.<\/p>\t\t\t\t\t\t\t\t<\/div>\n\t\t\t\t\t<\/div>\n\t\t\t\t<\/div>\n\t\t<div class=\"elementor-element elementor-element-050620f e-flex e-con-boxed e-con e-parent\" data-id=\"050620f\" data-element_type=\"container\" data-e-type=\"container\">\n\t\t\t\t\t<div class=\"e-con-inner\">\n\t\t\t\t<div class=\"elementor-element elementor-element-03ff059 e-n-tabs-mobile elementor-widget elementor-widget-n-tabs\" data-id=\"03ff059\" data-element_type=\"widget\" data-e-type=\"widget\" data-settings=\"{&quot;horizontal_scroll&quot;:&quot;disable&quot;}\" data-widget_type=\"nested-tabs.default\">\n\t\t\t\t\t\t\t<div class=\"e-n-tabs\" data-widget-number=\"4190297\" aria-label=\"Tabs. Open items with Enter or Space, close with Escape and navigate using the Arrow keys.\">\n\t\t\t<div class=\"e-n-tabs-heading\" role=\"tablist\">\n\t\t\t\t\t<button id=\"e-n-tab-title-41902971\" data-tab-title-id=\"e-n-tab-title-41902971\" class=\"e-n-tab-title\" aria-selected=\"true\" data-tab-index=\"1\" role=\"tab\" tabindex=\"0\" aria-controls=\"e-n-tab-content-41902971\" style=\"--n-tabs-title-order: 1;\">\n\t\t\t\t\t\t<span class=\"e-n-tab-title-text\">\n\t\t\t\tFany\t\t\t<\/span>\n\t\t<\/button>\n\t\t\t\t<button id=\"e-n-tab-title-41902972\" data-tab-title-id=\"e-n-tab-title-41902972\" class=\"e-n-tab-title\" aria-selected=\"false\" data-tab-index=\"2\" role=\"tab\" tabindex=\"-1\" aria-controls=\"e-n-tab-content-41902972\" style=\"--n-tabs-title-order: 2;\">\n\t\t\t\t\t\t<span class=\"e-n-tab-title-text\">\n\t\t\t\tOrol\t\t\t<\/span>\n\t\t<\/button>\n\t\t\t\t<button id=\"e-n-tab-title-41902973\" data-tab-title-id=\"e-n-tab-title-41902973\" class=\"e-n-tab-title\" aria-selected=\"false\" data-tab-index=\"3\" role=\"tab\" tabindex=\"-1\" aria-controls=\"e-n-tab-content-41902973\" style=\"--n-tabs-title-order: 3;\">\n\t\t\t\t\t\t<span class=\"e-n-tab-title-text\">\n\t\t\t\tHmyz\u00e1k\t\t\t<\/span>\n\t\t<\/button>\n\t\t\t\t<button id=\"e-n-tab-title-41902974\" data-tab-title-id=\"e-n-tab-title-41902974\" class=\"e-n-tab-title\" aria-selected=\"false\" data-tab-index=\"4\" role=\"tab\" tabindex=\"-1\" aria-controls=\"e-n-tab-content-41902974\" style=\"--n-tabs-title-order: 4;\">\n\t\t\t\t\t\t<span class=\"e-n-tab-title-text\">\n\t\t\t\tMaj\u00e1k\t\t\t<\/span>\n\t\t<\/button>\n\t\t\t\t\t<\/div>\n\t\t\t<div class=\"e-n-tabs-content\">\n\t\t\t\t<div id=\"e-n-tab-content-41902971\" role=\"tabpanel\" aria-labelledby=\"e-n-tab-title-41902971\" data-tab-index=\"1\" style=\"--n-tabs-title-order: 1;\" class=\"e-active elementor-element elementor-element-9228312 e-con-full e-flex e-con e-child\" data-id=\"9228312\" data-element_type=\"container\" data-e-type=\"container\">\n\t\t<div class=\"elementor-element elementor-element-48fbe25 e-flex e-con-boxed e-con e-child\" data-id=\"48fbe25\" data-element_type=\"container\" data-e-type=\"container\">\n\t\t\t\t\t<div class=\"e-con-inner\">\n\t\t\t\t<div class=\"elementor-element elementor-element-e0a168e elementor-widget elementor-widget-text-editor\" data-id=\"e0a168e\" data-element_type=\"widget\" data-e-type=\"widget\" data-widget_type=\"text-editor.default\">\n\t\t\t\t\t\t\t\t\t<p>Od vzniku skautingu v\u00a0Senici je z\u00e1rove\u0148 akt\u00edvnym \u010dlenom a\u00a0z\u00e1rove\u0148 h\u013eada\u010dom dobr\u00fdch par\u0165\u00e1kov. Hoci<br \/>ve\u013ea dobr\u00fdch \u010dinov pre komunitu spravili skauti ako celok, ona je t\u00fdm hnac\u00edm motorom, ktor\u00fd na<br \/>akciu pril\u00e1ka potrebn\u00fd po\u010det \u013eud\u00ed. \u010ci je to Betlehemsk\u00e9 svetlo, \u017dabie TAXI (v ktorom sl\u00fa\u017ei od za\u010diatku<br \/>a\u00a0osobne m\u00e1 pri prenose migruj\u00facich oboj\u017eiveln\u00edkov najviac dobrovo\u013en\u00edckych hod\u00edn) alebo od tohto<br \/>roku doh\u013ead nad \u010dinnos\u0165ou cel\u00e9ho oddielu, v\u017edy je v\u00a0pozad\u00ed a\u00a0ide ostatn\u00fdm pr\u00edkladom. V\u010faka nej je<br \/>s\u00a0na\u0161imi skautmi aj cel\u00e1 jej rodina, ktor\u00ed s\u00fa ve\u013ekou oporou verejn\u00fdch podujat\u00ed, v\u010faka nej je z\u00a0n\u00e1s<br \/>dobr\u00e1 partia, ktor\u00e1 ver\u00ed, \u017ee m\u00e1 zmysel to \u010do rob\u00edme pre mlad\u00fdch a\u00a0pre komunitu. Ke\u010f si Fany oble\u010die<br \/>rovno\u0161atu, je vidie\u0165, \u017ee skauting berie v\u00e1\u017ene. Jej prav\u00fd ruk\u00e1v je odhora po spodok po\u0161it\u00fd zvl\u00e1dnut\u00fdmi<br \/>v\u00fdzvami a\u00a0odborkami, z\u00a0ktor\u00fdch niektor\u00e9 treba plni\u0165 viac ne\u017e rok. Fanta sama ver\u00ed v\u00a0udr\u017eate\u013enos\u0165<br \/>na\u0161ich skautsk\u00fdch iniciat\u00edv a\u00a0neprip\u00fa\u0161\u0165a ani na chv\u00ed\u013eu, \u017ee by sme s\u00a0t\u00fdm prestali. A\u00a0k\u00fdm bude medzi<br \/>nami, tak tomu ver\u00edme aj my.<\/p>\t\t\t\t\t\t\t\t<\/div>\n\t\t\t\t\t<\/div>\n\t\t\t\t<\/div>\n\t\t\t\t<\/div>\n\t\t<div id=\"e-n-tab-content-41902972\" role=\"tabpanel\" aria-labelledby=\"e-n-tab-title-41902972\" data-tab-index=\"2\" style=\"--n-tabs-title-order: 2;\" class=\" elementor-element elementor-element-e474e8e e-con-full e-flex e-con e-child\" data-id=\"e474e8e\" data-element_type=\"container\" data-e-type=\"container\">\n\t\t<div class=\"elementor-element elementor-element-44ff34a e-flex e-con-boxed e-con e-child\" data-id=\"44ff34a\" data-element_type=\"container\" data-e-type=\"container\">\n\t\t\t\t\t<div class=\"e-con-inner\">\n\t\t\t\t<div class=\"elementor-element elementor-element-a6bacd0 elementor-widget elementor-widget-text-editor\" data-id=\"a6bacd0\" data-element_type=\"widget\" data-e-type=\"widget\" data-widget_type=\"text-editor.default\">\n\t\t\t\t\t\t\t\t\t<p>Je jedn\u00fdm zo zakladaj\u00facich \u010dlenov skautsk\u00e9ho oddielu a\u00a0okrem toho, \u017ee je dobr\u00fd par\u0165\u00e1k, m\u00e1 aj v\u00fddr\u017e<br \/>a\u00a0talent na pr\u00e1cu s\u00a0mlad\u0161\u00edmi. Moment\u00e1lne vedie sch\u00f4dzky s\u00a0nov\u00e1\u010dikmi a\u00a0rob\u00ed to dobre. Uveril n\u00e1\u0161mu<br \/>skautsk\u00e9mu snu a\u00a0vie n\u00edm \u201enakazi\u0165\u201c svojich kamar\u00e1tov. Aj svoju odborn\u00fa pr\u00edpravu na \u00falohu ved\u00faceho<br \/>berie v\u00e1\u017ene a\u00a0poctivo sa \u0161kol\u00ed. V\u00a0r\u00e1mci svojho anga\u017eovania sa pre komunitu treba spomen\u00fa\u0165 oddan\u00fa<br \/>slu\u017ebu v\u00a0\u017dabom Taxi, Betlehemsk\u00e9 svetlo, Vt\u00e1\u010d\u00ed ostrov a\u00a0za posledn\u00e9 leto aj ved\u00facu rolu pri<br \/>organizovan\u00ed skautsk\u00e9ho t\u00e1bora pre oba senick\u00e9 oddiely \u2013 mlad\u0161ie v\u013a\u010dat\u00e1 i\u00a0star\u0161\u00edch skautov. Orel je<br \/>jedn\u00fdm zo spoluautorov rozpr\u00e1vania pr\u00edbehov s\u00a0viacer\u00fdmi koncami a\u00a0v\u010faka jeho schopnosti a\u00a0ochote<br \/>vystupova\u0165 na verejnosti sa podarilo \u0161kole d\u00f4stojne propagova\u0165 senick\u00e9 s\u00fa\u0165a\u017ee s\u00a0kreat\u00edvnym p\u00edsan\u00edm.<br \/>Na dobrovo\u013en\u00edckych podujatiach je v\u017edy prv\u00fd a\u00a0ak treba vyst\u00fapi\u0165 pred nezn\u00e1my dav, r\u00e1d sa toho ujme.<br \/>Orol je na\u0161ou PR tv\u00e1rou a\u00a0cenn\u00fdm vodcovsk\u00fdm vzorom pre mlad\u0161\u00edch, v\u017edy ochotn\u00fd pom\u00f4c\u0165.<\/p>\t\t\t\t\t\t\t\t<\/div>\n\t\t\t\t\t<\/div>\n\t\t\t\t<\/div>\n\t\t\t\t<\/div>\n\t\t<div id=\"e-n-tab-content-41902973\" role=\"tabpanel\" aria-labelledby=\"e-n-tab-title-41902973\" data-tab-index=\"3\" style=\"--n-tabs-title-order: 3;\" class=\" elementor-element elementor-element-f5f0890 e-con-full e-flex e-con e-child\" data-id=\"f5f0890\" data-element_type=\"container\" data-e-type=\"container\">\n\t\t<div class=\"elementor-element elementor-element-d2bfa47 e-flex e-con-boxed e-con e-child\" data-id=\"d2bfa47\" data-element_type=\"container\" data-e-type=\"container\">\n\t\t\t\t\t<div class=\"e-con-inner\">\n\t\t\t\t<div class=\"elementor-element elementor-element-5baf8c1 elementor-widget elementor-widget-text-editor\" data-id=\"5baf8c1\" data-element_type=\"widget\" data-e-type=\"widget\" data-widget_type=\"text-editor.default\">\n\t\t\t\t\t\t\t\t\t<p>Luk\u00e1\u0161 sa o\u00a0skautoch dozvedel z\u00a0reklamy v\u00a0n\u00e1kupnom centre a\u00a0okam\u017eite vedel, \u017ee chce pom\u00e1ha\u0165<br \/>stava\u0165 lode. V\u0161etky tri plachetnice, ktor\u00e9 sme so skautmi postavili a\u00a0na ktor\u00fdch moment\u00e1lne<br \/>pretekaj\u00fa na\u0161i nad\u0161en\u00ed jachteri, pre\u0161li jeho rukami. Je jedn\u00fdm zo zakladate\u013eov skautingu v\u00a0Senici a\u00a0m\u00e1<br \/>odpracovan\u00e9 stovky dobrovo\u013en\u00edckych hod\u00edn so saden\u00edm strom\u010dekov, s\u00a0organizovan\u00edm workshopov na<br \/>v\u00fdrobu p\u00e1dla, preniesol cez cestu stovky \u017eiab a\u00a0mlokov a\u00a0moment\u00e1lne pom\u00e1ha pri sch\u00f4dzkach<br \/>a\u00a0pl\u00e1novan\u00edm aktiv\u00edt pre na\u0161ich najstar\u0161\u00edch rangerov. Je dobr\u00fd par\u0165\u00e1k, nad\u0161en\u00fd kajak\u00e1r a\u00a0mil\u00fd chalan.<br \/>Ve\u013ea senick\u00fdch det\u00ed ho pozn\u00e1 ako \u201ekajak\u00e1ra s\u00a0cukr\u00edkom\u201c, ke\u010f nasadnut\u00ed v\u00a0kajaku po\u010das M\u00edle pre<br \/>mamu sk\u00fa\u0161ali v\u00a0na\u0161ej Teplici ulovi\u0165 cenn\u00fd poklad. Pri pr\u00e1ci s\u00a0mlad\u0161\u00edmi vie v\u017edy skvele odhadn\u00fa\u0165 koho<br \/>trochu potr\u00e1pi\u0165 a\u00a0komu pom\u00f4c\u0165. Nenahovor\u00ed toho ve\u013ea, ale \u010diny u\u0148ho pred\u010dia ak\u00e9ko\u013evek slov\u00e1. Je to<br \/>mu\u017e \u010dinu a\u00a0vzor pre v\u0161etk\u00fdch n\u00e1s, ktor\u00fd skautingu v\u00a0Senici ver\u00edme.<\/p>\t\t\t\t\t\t\t\t<\/div>\n\t\t\t\t\t<\/div>\n\t\t\t\t<\/div>\n\t\t\t\t<\/div>\n\t\t<div id=\"e-n-tab-content-41902974\" role=\"tabpanel\" aria-labelledby=\"e-n-tab-title-41902974\" data-tab-index=\"4\" style=\"--n-tabs-title-order: 4;\" class=\" elementor-element elementor-element-d9bab83 e-flex e-con-boxed e-con e-child\" data-id=\"d9bab83\" data-element_type=\"container\" data-e-type=\"container\">\n\t\t\t\t\t<div class=\"e-con-inner\">\n\t\t<div class=\"elementor-element elementor-element-b559df5 e-con-full e-flex e-con e-child\" data-id=\"b559df5\" data-element_type=\"container\" data-e-type=\"container\">\n\t\t\t\t<div class=\"elementor-element elementor-element-e9ae1a0 elementor-widget elementor-widget-text-editor\" data-id=\"e9ae1a0\" data-element_type=\"widget\" data-e-type=\"widget\" data-widget_type=\"text-editor.default\">\n\t\t\t\t\t\t\t\t\t<p>Pridal sa ku n\u00e1m ako dospel\u00fd, sk\u00fasen\u00fd a\u00a0hladn\u00fd po skautskom \u017eivotnom \u0161t\u00fdle. V\u010faka jeho bohat\u00fdm<br \/>z\u00e1les\u00e1ckym zru\u010dnostiam m\u00e1me v\u00a0t\u00edme \u010dloveka, ktor\u00fd zap\u00e1li ohe\u0148 indi\u00e1nskym sp\u00f4sobom (tren\u00edm<br \/>driev) za menej ne\u017e min\u00fatu. Maj\u00e1k pred rokom prevzal doh\u013ead nad cel\u00fdm skautsk\u00fdm oddielom, v\u010faka<\/p><p>\u010domu sme mohli rozbehn\u00fa\u0165 pr\u00e1cu s\u00a0mlad\u0161\u00edmi. Kto ho pozn\u00e1, vie, \u017ee skromnos\u0165 a\u00a0mierumilovnos\u0165 s\u00fa<br \/>jeho hlavn\u00fdmi cnos\u0165ami, m\u00e1lokto v\u0161ak u\u017e vie, \u017ee spomedzi senick\u00fdch skautov je jedn\u00fdm<br \/>z\u00a0najnad\u0161enej\u0161\u00edch propag\u00e1torov jachtingu a\u00a0jedn\u00fdm z\u00a0najochotnej\u0161\u00edch \u0161of\u00e9rov pri presune t\u00e1borov\u00e9ho<br \/>materi\u00e1lu a\u00a0pos\u00e1dok na v\u00fdpravy. Maj\u00e1k u\u017e dlh\u00e9 roky vel\u00ed \u017eab\u00edm hliadkam pri Cerovej, \u010do je n\u00e1\u0161<br \/>najv\u00fddatnej\u0161\u00ed jarn\u00fd migra\u010dn\u00fd \u00fasek. V\u010faka jeho kreativite sa z\u00a0n\u00e1\u0161ho \u017dabieho taxi stal celosenick\u00fd<br \/>skautsk\u00fd v\u00fdtvarn\u00fd happening, \u010di u\u017e v\u00a0podobe tancuj\u00faceho \u017eabiaka na tradi\u010dnom n\u00e1morn\u00edckom b\u00e1le,<br \/>kr\u00e1\u013ea \u017eiab pri odomykan\u00ed v\u00f4d alebo n\u00e1\u0161ho pr\u00edstavn\u00e9ho loga, ktor\u00e9 nesie hrd\u00fd n\u00e1zov BUFO VIRIDIS<br \/>(ropucha zelen\u00e1). Maj\u00e1k sa vie s\u00a0n\u00e1padom pohra\u0165 a\u00a0vie do hry zl\u00e1ka\u0165 v\u0161etk\u00fdch ostatn\u00fdch. U\u010denie sa<br \/>hrou \u2013 star\u00e9 skautsk\u00e9 heslo \u2013 pri \u0148om o\u017e\u00edva v\u00a0plnej svojej kr\u00e1se.<\/p>\t\t\t\t\t\t\t\t<\/div>\n\t\t\t\t<\/div>\n\t\t\t\t\t<\/div>\n\t\t\t\t<\/div>\n\t\t\t\t\t<\/div>\n\t\t<\/div>\n\t\t\t\t\t\t<\/div>\n\t\t\t\t\t<\/div>\n\t\t\t\t<\/div>\n\t\t<div class=\"elementor-element elementor-element-c5cf7f8 e-flex e-con-boxed e-con e-parent\" data-id=\"c5cf7f8\" data-element_type=\"container\" data-e-type=\"container\">\n\t\t\t\t\t<div class=\"e-con-inner\">\n\t\t\t\t<div class=\"elementor-element elementor-element-1653f72 elementor-widget elementor-widget-spacer\" data-id=\"1653f72\" data-element_type=\"widget\" data-e-type=\"widget\" data-widget_type=\"spacer.default\">\n\t\t\t\t\t\t\t<div class=\"elementor-spacer\">\n\t\t\t<div class=\"elementor-spacer-inner\"><\/div>\n\t\t<\/div>\n\t\t\t\t\t\t<\/div>\n\t\t\t\t\t<\/div>\n\t\t\t\t<\/div>\n\t\t\t\t<\/div>\n\t\t","protected":false},"excerpt":{"rendered":"<p>Sie\u0148 sl\u00e1vy V na\u0161ej Sieni sl\u00e1vy si pripom\u00edname t\u00fdch, ktor\u00ed formuj\u00fa hist\u00f3riu n\u00e1\u0161ho pr\u00edstavu. Vitaj a vzdaj\u00fa hold na\u0161im par\u0165\u00e1kom [&hellip;]<\/p>\n","protected":false},"author":1,"featured_media":0,"parent":103,"menu_order":0,"comment_status":"closed","ping_status":"closed","template":"","meta":{"_monsterinsights_skip_tracking":false,"_monsterinsights_sitenote_active":false,"_monsterinsights_sitenote_note":"","_monsterinsights_sitenote_category":0,"site-sidebar-layout":"no-sidebar","site-content-layout":"","ast-site-content-layout":"full-width-container","site-content-style":"default","site-sidebar-style":"default","ast-global-header-display":"","ast-banner-title-visibility":"","ast-main-header-display":"","ast-hfb-above-header-display":"","ast-hfb-below-header-display":"","ast-hfb-mobile-header-display":"","site-post-title":"","ast-breadcrumbs-content":"","ast-featured-img":"disabled","footer-sml-layout":"","ast-disable-related-posts":"","theme-transparent-header-meta":"","adv-header-id-meta":"","stick-header-meta":"","header-above-stick-meta":"","header-main-stick-meta":"","header-below-stick-meta":"","astra-migrate-meta-layouts":"default","ast-page-background-enabled":"default","ast-page-background-meta":{"desktop":{"background-color":"var(--ast-global-color-4)","background-image":"","background-repeat":"repeat","background-position":"center center","background-size":"auto","background-attachment":"scroll","background-type":"","background-media":"","overlay-type":"","overlay-color":"","overlay-opacity":"","overlay-gradient":""},"tablet":{"background-color":"","background-image":"","background-repeat":"repeat","background-position":"center center","background-size":"auto","background-attachment":"scroll","background-type":"","background-media":"","overlay-type":"","overlay-color":"","overlay-opacity":"","overlay-gradient":""},"mobile":{"background-color":"","background-image":"","background-repeat":"repeat","background-position":"center center","background-size":"auto","background-attachment":"scroll","background-type":"","background-media":"","overlay-type":"","overlay-color":"","overlay-opacity":"","overlay-gradient":""}},"ast-content-background-meta":{"desktop":{"background-color":"var(--ast-global-color-5)","background-image":"","background-repeat":"repeat","background-position":"center center","background-size":"auto","background-attachment":"scroll","background-type":"","background-media":"","overlay-type":"","overlay-color":"","overlay-opacity":"","overlay-gradient":""},"tablet":{"background-color":"var(--ast-global-color-5)","background-image":"","background-repeat":"repeat","background-position":"center center","background-size":"auto","background-attachment":"scroll","background-type":"","background-media":"","overlay-type":"","overlay-color":"","overlay-opacity":"","overlay-gradient":""},"mobile":{"background-color":"var(--ast-global-color-5)","background-image":"","background-repeat":"repeat","background-position":"center center","background-size":"auto","background-attachment":"scroll","background-type":"","background-media":"","overlay-type":"","overlay-color":"","overlay-opacity":"","overlay-gradient":""}},"footnotes":""},"class_list":["post-1346","page","type-page","status-publish","hentry"],"_links":{"self":[{"href":"https:\/\/www.skautisenica.sk\/sk\/wp-json\/wp\/v2\/pages\/1346","targetHints":{"allow":["GET"]}}],"collection":[{"href":"https:\/\/www.skautisenica.sk\/sk\/wp-json\/wp\/v2\/pages"}],"about":[{"href":"https:\/\/www.skautisenica.sk\/sk\/wp-json\/wp\/v2\/types\/page"}],"author":[{"embeddable":true,"href":"https:\/\/www.skautisenica.sk\/sk\/wp-json\/wp\/v2\/users\/1"}],"replies":[{"embeddable":true,"href":"https:\/\/www.skautisenica.sk\/sk\/wp-json\/wp\/v2\/comments?post=1346"}],"version-history":[{"count":6,"href":"https:\/\/www.skautisenica.sk\/sk\/wp-json\/wp\/v2\/pages\/1346\/revisions"}],"predecessor-version":[{"id":3526,"href":"https:\/\/www.skautisenica.sk\/sk\/wp-json\/wp\/v2\/pages\/1346\/revisions\/3526"}],"up":[{"embeddable":true,"href":"https:\/\/www.skautisenica.sk\/sk\/wp-json\/wp\/v2\/pages\/103"}],"wp:attachment":[{"href":"https:\/\/www.skautisenica.sk\/sk\/wp-json\/wp\/v2\/media?parent=1346"}],"curies":[{"name":"wp","href":"https:\/\/api.w.org\/{rel}","templated":true}]}}