{"id":158,"date":"2024-09-18T17:45:37","date_gmt":"2024-09-18T15:45:37","guid":{"rendered":"https:\/\/www.skautisenica.sk\/?page_id=158"},"modified":"2026-02-17T10:53:25","modified_gmt":"2026-02-17T09:53:25","slug":"program","status":"publish","type":"page","link":"https:\/\/www.skautisenica.sk\/sk\/program\/","title":{"rendered":"Program"},"content":{"rendered":"\t\t<div data-elementor-type=\"wp-page\" data-elementor-id=\"158\" class=\"elementor elementor-158\" data-elementor-post-type=\"page\">\n\t\t\t\t<div class=\"elementor-element elementor-element-0e6b28f e-flex e-con-boxed e-con e-parent\" data-id=\"0e6b28f\" data-element_type=\"container\" data-e-type=\"container\">\n\t\t\t\t\t<div class=\"e-con-inner\">\n\t\t\t\t<div class=\"elementor-element elementor-element-fcbb5d1 elementor-widget elementor-widget-spacer\" data-id=\"fcbb5d1\" data-element_type=\"widget\" data-e-type=\"widget\" data-widget_type=\"spacer.default\">\n\t\t\t\t\t\t\t<div class=\"elementor-spacer\">\n\t\t\t<div class=\"elementor-spacer-inner\"><\/div>\n\t\t<\/div>\n\t\t\t\t\t\t<\/div>\n\t\t\t\t\t<\/div>\n\t\t\t\t<\/div>\n\t\t<div class=\"elementor-element elementor-element-9856883 e-flex e-con-boxed e-con e-parent\" data-id=\"9856883\" data-element_type=\"container\" data-e-type=\"container\">\n\t\t\t\t\t<div class=\"e-con-inner\">\n\t\t\t\t<div class=\"elementor-element elementor-element-a553729 elementor-headline--style-highlight elementor-widget elementor-widget-animated-headline\" data-id=\"a553729\" data-element_type=\"widget\" data-e-type=\"widget\" data-settings=\"{&quot;marker&quot;:&quot;curly&quot;,&quot;highlighted_text&quot;:&quot;Program&quot;,&quot;headline_style&quot;:&quot;highlight&quot;,&quot;loop&quot;:&quot;yes&quot;,&quot;highlight_animation_duration&quot;:1200,&quot;highlight_iteration_delay&quot;:8000}\" data-widget_type=\"animated-headline.default\">\n\t\t\t\t\t\t\t<h3 class=\"elementor-headline\">\n\t\t\t\t<span class=\"elementor-headline-dynamic-wrapper elementor-headline-text-wrapper\">\n\t\t\t\t\t<span class=\"elementor-headline-dynamic-text elementor-headline-text-active\">Program<\/span>\n\t\t\t\t<\/span>\n\t\t\t\t<\/h3>\n\t\t\t\t\t\t<\/div>\n\t\t\t\t\t<\/div>\n\t\t\t\t<\/div>\n\t\t<div class=\"elementor-element elementor-element-1c4ace2 e-flex e-con-boxed e-con e-parent\" data-id=\"1c4ace2\" data-element_type=\"container\" data-e-type=\"container\">\n\t\t\t\t\t<div class=\"e-con-inner\">\n\t\t\t\t<div class=\"elementor-element elementor-element-c3d5033 elementor-widget elementor-widget-text-editor\" data-id=\"c3d5033\" data-element_type=\"widget\" data-e-type=\"widget\" data-widget_type=\"text-editor.default\">\n\t\t\t\t\t\t\t\t\t<p>Voda je na\u0161\u00edm domovom, in\u0161pir\u00e1ciou a miestom, kde sa u\u010d\u00edme, rastieme a spolo\u010dne tvor\u00edme. Program vodn\u00fdch skautov Senica pon\u00faka \u0161irok\u00fa paletu aktiv\u00edt a v\u00fdziev, ktor\u00e9 s\u00fa zameran\u00e9 na rozvoj det\u00ed, ml\u00e1de\u017ee a dospel\u00fdch v prostred\u00ed, ktor\u00e9 je spojen\u00e9 s vodou, pr\u00edrodou a skautsk\u00fdmi hodnotami.<\/p><h3>Hlavn\u00e9 oblasti n\u00e1\u0161ho programu:<\/h3><h4>1. Skautsk\u00e1 v\u00fdchova<\/h4><p>Na\u0161a v\u00fdchova je postaven\u00e1 na skautsk\u00fdch princ\u00edpoch, ktor\u00e9 zd\u00f4raz\u0148uj\u00fa l\u00e1sku k pr\u00edrode, pomoc druh\u00fdm, sebaovl\u00e1danie a zodpovednos\u0165. Program sa sklad\u00e1 z pravideln\u00fdch stretnut\u00ed, v\u00edkendov\u00fdch akci\u00ed, v\u00fdletov a t\u00e1borov, kde sa na\u0161i \u010dlenovia u\u010dia a za\u017e\u00edvaj\u00fa hodnoty, ako s\u00fa \u010destnos\u0165, odhodlanie a spolupr\u00e1ca.<\/p><h4>2. <strong>Vodn\u00e9 aktivity<\/strong><\/h4><p>S\u00fa\u010das\u0165ou na\u0161ich aktiv\u00edt s\u00fa r\u00f4zne vodn\u00e9 \u0161porty a z\u00e1\u017eitky, ktor\u00e9 rozv\u00edjaj\u00fa zru\u010dnosti a t\u00edmov\u00fa spolupr\u00e1cu. Deti a mlad\u00ed skauti maj\u00fa mo\u017enos\u0165 vysk\u00fa\u0161a\u0165 si jachting, kanoistiku, rafting, pl\u00e1vanie a \u010fal\u0161ie vodn\u00e9 \u0161porty, ktor\u00e9 s\u00fa nielen z\u00e1bavn\u00e9, ale aj pou\u010dn\u00e9.<\/p><h4>3. <strong>T\u00e1borov\u00e9 dobrodru\u017estv\u00e1<\/strong><\/h4><p>Letn\u00e9 a zimn\u00e9 t\u00e1bory s\u00fa vrcholom na\u0161ich aktiv\u00edt. Po\u010das nich sa z\u00fa\u010dast\u0148ujeme na r\u00f4znych s\u00fa\u0165a\u017eiach, hr\u00e1ch a v\u00fdzvach, ktor\u00e9 podporuj\u00fa na\u0161u kreativitu a t\u00edmov\u00e9ho ducha. T\u00e1bor je miestom, kde si vytv\u00e1rame nezabudnute\u013en\u00e9 spomienky a nadv\u00e4zujeme priate\u013estv\u00e1 na cel\u00fd \u017eivot.<\/p><h4>4. <strong>V\u00fdchova k zodpovednosti a ekologickej uvedomelosti<\/strong><\/h4><p>S\u00fa\u010das\u0165ou n\u00e1\u0161ho programu je aj podpora ochrany pr\u00edrody. Skauti sa podie\u013eaj\u00fa na r\u00f4znych environment\u00e1lnych projektoch a aktivit\u00e1ch, ako je \u010distenie okolia, v\u00fdsadba stromov, alebo sledovanie vodn\u00fdch ekosyst\u00e9mov, aby sa nau\u010dili chr\u00e1ni\u0165 pr\u00edrodu a udr\u017eiava\u0165 rovnov\u00e1hu v na\u0161om svete.<\/p><h4>5. <strong>T\u00edmov\u00e1 spolupr\u00e1ca a rozvoj l\u00eddersk\u00fdch schopnost\u00ed<\/strong><\/h4><p>Vodn\u00ed skauti sa u\u010dia pracova\u0165 v t\u00edme, komunikova\u0165, rie\u0161i\u0165 probl\u00e9my a vies\u0165 in\u00fdch. Na\u0161im cie\u013eom je pripravova\u0165 mlad\u00fdch \u013eud\u00ed na \u017eivotn\u00e9 v\u00fdzvy, aby sa stali zodpovedn\u00fdmi a motivovan\u00fdmi l\u00eddrami v spolo\u010dnosti.<\/p><h3>Na \u010do sa m\u00f4\u017eete te\u0161i\u0165:<\/h3><ul><li><strong>Skautsk\u00e9 v\u00fdzvy<\/strong>: Programy a s\u00fa\u0165a\u017ee, kde si skauti vysk\u00fa\u0161aj\u00fa svoje schopnosti v r\u00f4znych oblastiach, ako s\u00fa orient\u00e1cia v pr\u00edrode, vodn\u00e9 \u0161porty, tvoriv\u00e9 \u010dinnosti a z\u00e1chran\u00e1rske techniky.<\/li><li><strong>Z\u00e1\u017eitkov\u00e9 v\u00fdlety a exped\u00edcie<\/strong>: V\u00fdlety do pr\u00edrody, exped\u00edcie na rieky a jazer\u00e1, kde sa nau\u010d\u00edme spolupracova\u0165, prekon\u00e1va\u0165 v\u00fdzvy a spozn\u00e1va\u0165 kr\u00e1sy Slovenska.<\/li><li><strong>Vzdel\u00e1vacie workshopy<\/strong>: Kurzy a \u0161kolenia o prvej pomoci, ochrane pr\u00edrody, vodnej bezpe\u010dnosti a \u010fal\u0161\u00edch zru\u010dnostiach, ktor\u00e9 s\u00fa neocenite\u013en\u00e9 v ka\u017edodennom \u017eivote.<\/li><li><strong>Medzin\u00e1rodn\u00e9 stretnutia a spolupr\u00e1ca<\/strong>: Mo\u017enos\u0165 z\u00fa\u010dastni\u0165 sa medzin\u00e1rodn\u00fdch skautsk\u00fdch akci\u00ed, kde sa skauti z r\u00f4znych kraj\u00edn stret\u00e1vaj\u00fa, vymie\u0148aj\u00fa sk\u00fasenosti a buduj\u00fa priate\u013estv\u00e1.<\/li><\/ul><h3>Pre koho je n\u00e1\u0161 program ur\u010den\u00fd?<\/h3><p>N\u00e1\u0161 program je otvoren\u00fd pre v\u0161etk\u00fdch, ktor\u00ed maj\u00fa z\u00e1ujem o dobrodru\u017estvo, pr\u00edrodu, vodu a skauting. \u010clenmi sa m\u00f4\u017eu sta\u0165 deti, ml\u00e1de\u017e i dospel\u00ed, ktor\u00ed chc\u00fa za\u017ei\u0165 nie\u010do nov\u00e9, rozv\u00edja\u0165 svoje schopnosti a sta\u0165 sa s\u00fa\u010das\u0165ou skautskej komunity.<\/p>\t\t\t\t\t\t\t\t<\/div>\n\t\t\t\t<div class=\"elementor-element elementor-element-9deccab elementor-widget elementor-widget-spacer\" data-id=\"9deccab\" data-element_type=\"widget\" data-e-type=\"widget\" data-widget_type=\"spacer.default\">\n\t\t\t\t\t\t\t<div class=\"elementor-spacer\">\n\t\t\t<div class=\"elementor-spacer-inner\"><\/div>\n\t\t<\/div>\n\t\t\t\t\t\t<\/div>\n\t\t\t\t\t<\/div>\n\t\t\t\t<\/div>\n\t\t\t\t<\/div>\n\t\t","protected":false},"excerpt":{"rendered":"<p>Program Voda je na\u0161\u00edm domovom, in\u0161pir\u00e1ciou a miestom, kde sa u\u010d\u00edme, rastieme a spolo\u010dne tvor\u00edme. Program vodn\u00fdch skautov Senica pon\u00faka [&hellip;]<\/p>\n","protected":false},"author":1,"featured_media":0,"parent":0,"menu_order":0,"comment_status":"closed","ping_status":"closed","template":"","meta":{"_monsterinsights_skip_tracking":false,"_monsterinsights_sitenote_active":false,"_monsterinsights_sitenote_note":"","_monsterinsights_sitenote_category":0,"site-sidebar-layout":"no-sidebar","site-content-layout":"","ast-site-content-layout":"full-width-container","site-content-style":"default","site-sidebar-style":"default","ast-global-header-display":"","ast-banner-title-visibility":"","ast-main-header-display":"","ast-hfb-above-header-display":"","ast-hfb-below-header-display":"","ast-hfb-mobile-header-display":"","site-post-title":"disabled","ast-breadcrumbs-content":"","ast-featured-img":"disabled","footer-sml-layout":"","ast-disable-related-posts":"","theme-transparent-header-meta":"default","adv-header-id-meta":"","stick-header-meta":"","header-above-stick-meta":"","header-main-stick-meta":"","header-below-stick-meta":"","astra-migrate-meta-layouts":"set","ast-page-background-enabled":"default","ast-page-background-meta":{"desktop":{"background-color":"var(--ast-global-color-4)","background-image":"","background-repeat":"repeat","background-position":"center center","background-size":"auto","background-attachment":"scroll","background-type":"","background-media":"","overlay-type":"","overlay-color":"","overlay-opacity":"","overlay-gradient":""},"tablet":{"background-color":"","background-image":"","background-repeat":"repeat","background-position":"center center","background-size":"auto","background-attachment":"scroll","background-type":"","background-media":"","overlay-type":"","overlay-color":"","overlay-opacity":"","overlay-gradient":""},"mobile":{"background-color":"","background-image":"","background-repeat":"repeat","background-position":"center center","background-size":"auto","background-attachment":"scroll","background-type":"","background-media":"","overlay-type":"","overlay-color":"","overlay-opacity":"","overlay-gradient":""}},"ast-content-background-meta":{"desktop":{"background-color":"var(--ast-global-color-5)","background-image":"","background-repeat":"repeat","background-position":"center center","background-size":"auto","background-attachment":"scroll","background-type":"","background-media":"","overlay-type":"","overlay-color":"","overlay-opacity":"","overlay-gradient":""},"tablet":{"background-color":"var(--ast-global-color-5)","background-image":"","background-repeat":"repeat","background-position":"center center","background-size":"auto","background-attachment":"scroll","background-type":"","background-media":"","overlay-type":"","overlay-color":"","overlay-opacity":"","overlay-gradient":""},"mobile":{"background-color":"var(--ast-global-color-5)","background-image":"","background-repeat":"repeat","background-position":"center center","background-size":"auto","background-attachment":"scroll","background-type":"","background-media":"","overlay-type":"","overlay-color":"","overlay-opacity":"","overlay-gradient":""}},"footnotes":""},"class_list":["post-158","page","type-page","status-publish","hentry"],"_links":{"self":[{"href":"https:\/\/www.skautisenica.sk\/sk\/wp-json\/wp\/v2\/pages\/158","targetHints":{"allow":["GET"]}}],"collection":[{"href":"https:\/\/www.skautisenica.sk\/sk\/wp-json\/wp\/v2\/pages"}],"about":[{"href":"https:\/\/www.skautisenica.sk\/sk\/wp-json\/wp\/v2\/types\/page"}],"author":[{"embeddable":true,"href":"https:\/\/www.skautisenica.sk\/sk\/wp-json\/wp\/v2\/users\/1"}],"replies":[{"embeddable":true,"href":"https:\/\/www.skautisenica.sk\/sk\/wp-json\/wp\/v2\/comments?post=158"}],"version-history":[{"count":6,"href":"https:\/\/www.skautisenica.sk\/sk\/wp-json\/wp\/v2\/pages\/158\/revisions"}],"predecessor-version":[{"id":3529,"href":"https:\/\/www.skautisenica.sk\/sk\/wp-json\/wp\/v2\/pages\/158\/revisions\/3529"}],"wp:attachment":[{"href":"https:\/\/www.skautisenica.sk\/sk\/wp-json\/wp\/v2\/media?parent=158"}],"curies":[{"name":"wp","href":"https:\/\/api.w.org\/{rel}","templated":true}]}}