{"id":1827,"date":"2025-02-19T18:01:51","date_gmt":"2025-02-19T17:01:51","guid":{"rendered":"https:\/\/www.skautisenica.sk\/?page_id=1827"},"modified":"2026-02-17T10:59:37","modified_gmt":"2026-02-17T09:59:37","slug":"projekty","status":"publish","type":"page","link":"https:\/\/www.skautisenica.sk\/sk\/program\/projekty\/","title":{"rendered":"Projekty"},"content":{"rendered":"\t\t<div data-elementor-type=\"wp-page\" data-elementor-id=\"1827\" class=\"elementor elementor-1827\" data-elementor-post-type=\"page\">\n\t\t\t\t<div class=\"elementor-element elementor-element-d34ea3f e-flex e-con-boxed e-con e-parent\" data-id=\"d34ea3f\" data-element_type=\"container\" data-e-type=\"container\">\n\t\t\t\t\t<div class=\"e-con-inner\">\n\t\t\t\t<div class=\"elementor-element elementor-element-ba6e75b elementor-widget elementor-widget-spacer\" data-id=\"ba6e75b\" data-element_type=\"widget\" data-e-type=\"widget\" data-widget_type=\"spacer.default\">\n\t\t\t\t\t\t\t<div class=\"elementor-spacer\">\n\t\t\t<div class=\"elementor-spacer-inner\"><\/div>\n\t\t<\/div>\n\t\t\t\t\t\t<\/div>\n\t\t\t\t\t<\/div>\n\t\t\t\t<\/div>\n\t\t<div class=\"elementor-element elementor-element-fae9f4d e-flex e-con-boxed e-con e-parent\" data-id=\"fae9f4d\" data-element_type=\"container\" data-e-type=\"container\">\n\t\t\t\t\t<div class=\"e-con-inner\">\n\t\t\t\t<div class=\"elementor-element elementor-element-34be64f elementor-headline--style-highlight elementor-widget elementor-widget-animated-headline\" data-id=\"34be64f\" data-element_type=\"widget\" data-e-type=\"widget\" data-settings=\"{&quot;marker&quot;:&quot;curly&quot;,&quot;highlighted_text&quot;:&quot;Projekty&quot;,&quot;headline_style&quot;:&quot;highlight&quot;,&quot;loop&quot;:&quot;yes&quot;,&quot;highlight_animation_duration&quot;:1200,&quot;highlight_iteration_delay&quot;:8000}\" data-widget_type=\"animated-headline.default\">\n\t\t\t\t\t\t\t<h3 class=\"elementor-headline\">\n\t\t\t\t<span class=\"elementor-headline-dynamic-wrapper elementor-headline-text-wrapper\">\n\t\t\t\t\t<span class=\"elementor-headline-dynamic-text elementor-headline-text-active\">Projekty<\/span>\n\t\t\t\t<\/span>\n\t\t\t\t<\/h3>\n\t\t\t\t\t\t<\/div>\n\t\t\t\t\t<\/div>\n\t\t\t\t<\/div>\n\t\t<div class=\"elementor-element elementor-element-b86c387 e-flex e-con-boxed e-con e-parent\" data-id=\"b86c387\" data-element_type=\"container\" data-e-type=\"container\">\n\t\t\t\t\t<div class=\"e-con-inner\">\n\t\t\t\t<div class=\"elementor-element elementor-element-a8e78a8 elementor-widget elementor-widget-text-editor\" data-id=\"a8e78a8\" data-element_type=\"widget\" data-e-type=\"widget\" data-widget_type=\"text-editor.default\">\n\t\t\t\t\t\t\t\t\t<p data-start=\"139\" data-end=\"632\">Voda je pre n\u00e1s nielen zdrojom \u017eivota, ale aj nevy\u010derpate\u013en\u00fdm zdrojom in\u0161pir\u00e1cie a pr\u00edle\u017eitost\u00ed. Skauti v Senici sa od svojho vzniku venuj\u00fa r\u00f4znym projektom, ktor\u00e9 sp\u00e1jaj\u00fa dobrodru\u017estvo, t\u00edmov\u00fa pr\u00e1cu, zodpovednos\u0165 a ochranu pr\u00edrody. Ka\u017ed\u00fd projekt je pre n\u00e1s \u0161ancou pos\u00fava\u0165 sa vpred, rozv\u00edja\u0165 na\u0161e zru\u010dnosti a hodnoty, ktor\u00e9 skauting predstavuje. Na tejto str\u00e1nke sa m\u00f4\u017eete zozn\u00e1mi\u0165 s na\u0161imi najv\u00fdznamnej\u0161\u00edmi aktivitami, ktor\u00e9 rob\u00edme pre na\u0161u komunitu, pr\u00edrodu a, samozrejme, pre na\u0161ich \u010dlenov.<\/p><p data-start=\"634\" data-end=\"925\">\u010ci u\u017e ide o environmentalistick\u00e9 iniciat\u00edvy, \u0161portov\u00e9 a vodn\u00e9 v\u00fdzvy alebo podporu ml\u00e1de\u017ee, na\u0161e projekty v\u017edy odr\u00e1\u017eaj\u00fa n\u00e1\u0161 z\u00e1v\u00e4zok ku kvalite, z\u00e1bave a vzdel\u00e1vaniu. Pozrite si, \u010do sme u\u017e dosiahli, a in\u0161pirujte sa na\u0161imi aktivitami, ktor\u00e9 pom\u00e1haj\u00fa nielen n\u00e1m, ale aj na\u0161im priate\u013eom a okoliu.<\/p>\t\t\t\t\t\t\t\t<\/div>\n\t\t\t\t<div class=\"elementor-element elementor-element-c9e1dd1 elementor-headline--style-highlight elementor-widget elementor-widget-animated-headline\" data-id=\"c9e1dd1\" data-element_type=\"widget\" data-e-type=\"widget\" data-settings=\"{&quot;marker&quot;:&quot;curly&quot;,&quot;highlighted_text&quot;:&quot;Na\\u0161a pr\\u00e1ca&quot;,&quot;headline_style&quot;:&quot;highlight&quot;,&quot;loop&quot;:&quot;yes&quot;,&quot;highlight_animation_duration&quot;:1200,&quot;highlight_iteration_delay&quot;:8000}\" data-widget_type=\"animated-headline.default\">\n\t\t\t\t\t\t\t<h3 class=\"elementor-headline\">\n\t\t\t\t<span class=\"elementor-headline-dynamic-wrapper elementor-headline-text-wrapper\">\n\t\t\t\t\t<span class=\"elementor-headline-dynamic-text elementor-headline-text-active\">Na\u0161a pr\u00e1ca<\/span>\n\t\t\t\t<\/span>\n\t\t\t\t<\/h3>\n\t\t\t\t\t\t<\/div>\n\t\t\t\t\t<\/div>\n\t\t\t\t<\/div>\n\t\t<div class=\"elementor-element elementor-element-4473a30 e-flex e-con-boxed e-con e-parent\" data-id=\"4473a30\" data-element_type=\"container\" data-e-type=\"container\">\n\t\t\t\t\t<div class=\"e-con-inner\">\n\t\t\t\t<div class=\"elementor-element elementor-element-6f95e96 elementor-widget elementor-widget-html\" data-id=\"6f95e96\" data-element_type=\"widget\" data-e-type=\"widget\" data-widget_type=\"html.default\">\n\t\t\t\t\t<!DOCTYPE html>\r\n<html lang=\"sk\">\r\n<head>\r\n    <meta charset=\"UTF-8\">\r\n    <meta name=\"viewport\" content=\"width=device-width, initial-scale=1.0\">\r\n    <title>Skautsk\u00e9 Projekty<\/title>\r\n    <link href=\"https:\/\/fonts.googleapis.com\/css2?family=Georama:wght@300;400;500;600;700&display=swap\" rel=\"stylesheet\">\r\n    <style>\r\n        * {\r\n            margin: 0;\r\n            padding: 0;\r\n            box-sizing: border-box;\r\n        }\r\n\r\n        body {\r\n            font-family: 'Georama', sans-serif;\r\n            background: transparent;\r\n            min-height: auto;\r\n            padding: 0;\r\n            margin: 0;\r\n        }\r\n\r\n        .container {\r\n            max-width: 100%;\r\n            margin: 0;\r\n            padding: 0;\r\n        }\r\n\r\n\r\n\r\n        .projects-grid {\r\n            display: grid;\r\n            grid-template-columns: repeat(3, 1fr);\r\n            gap: 1rem;\r\n            margin: 0;\r\n        }\r\n\r\n        .project-card {\r\n            background: white;\r\n            border-radius: 20px;\r\n            padding: 2rem;\r\n            box-shadow: 0 10px 30px rgba(0, 40, 85, 0.15);\r\n            transition: all 0.3s ease;\r\n            border: 3px solid transparent;\r\n            position: relative;\r\n            overflow: hidden;\r\n        }\r\n\r\n        .project-card::before {\r\n            content: '';\r\n            position: absolute;\r\n            top: 0;\r\n            left: 0;\r\n            right: 0;\r\n            height: 6px;\r\n            background: linear-gradient(90deg, #00B5E2, #F2A900, #E03C31);\r\n        }\r\n\r\n        .project-card:hover {\r\n            transform: translateY(-10px);\r\n            box-shadow: 0 20px 40px rgba(0, 40, 85, 0.2);\r\n            border-color: #00B5E2;\r\n        }\r\n\r\n        .project-number {\r\n            display: inline-block;\r\n            background: #00B5E2;\r\n            color: white;\r\n            width: 50px;\r\n            height: 50px;\r\n            border-radius: 50%;\r\n            display: flex;\r\n            align-items: center;\r\n            justify-content: center;\r\n            font-size: 1.5rem;\r\n            font-weight: 700;\r\n            margin-bottom: 1.5rem;\r\n        }\r\n\r\n        .project-title {\r\n            color: #002855;\r\n            font-size: 1.8rem;\r\n            font-weight: 600;\r\n            margin-bottom: 1rem;\r\n            line-height: 1.3;\r\n        }\r\n\r\n        .project-description {\r\n            color: #115740;\r\n            font-size: 1rem;\r\n            line-height: 1.6;\r\n            margin-bottom: 1.5rem;\r\n        }\r\n\r\n        .project-features {\r\n            list-style: none;\r\n            margin-bottom: 2rem;\r\n        }\r\n\r\n        .project-features li {\r\n            color: #002855;\r\n            font-size: 0.95rem;\r\n            margin-bottom: 0.5rem;\r\n            padding-left: 1.5rem;\r\n            position: relative;\r\n        }\r\n\r\n        .project-features li::before {\r\n            content: '\ud83c\udfd5\ufe0f';\r\n            position: absolute;\r\n            left: 0;\r\n            top: 0;\r\n        }\r\n\r\n        .project-status {\r\n            display: inline-block;\r\n            padding: 0.5rem 1rem;\r\n            border-radius: 25px;\r\n            font-size: 0.9rem;\r\n            font-weight: 500;\r\n            margin-bottom: 1rem;\r\n        }\r\n\r\n        .status-planning {\r\n            background: #115740;\r\n            color: #FFFFFF;\r\n            border: 2px solid #FFFFFF;\r\n        }\r\n\r\n        .status-development {\r\n            background: #00B5E2;\r\n            color: white;\r\n        }\r\n\r\n        .status-testing {\r\n            background: #E03C31;\r\n            color: white;\r\n        }\r\n\r\n        .project-button {\r\n            background: linear-gradient(135deg, #115740, #00B5E2);\r\n            color: white;\r\n            border: none;\r\n            padding: 0.8rem 2rem;\r\n            border-radius: 25px;\r\n            font-family: 'Georama', sans-serif;\r\n            font-size: 1rem;\r\n            font-weight: 500;\r\n            cursor: pointer;\r\n            transition: all 0.3s ease;\r\n            width: 100%;\r\n        }\r\n\r\n        .project-button:hover {\r\n            background: linear-gradient(135deg, #00B5E2, #F2A900);\r\n            transform: translateY(-2px);\r\n            box-shadow: 0 5px 15px rgba(0, 181, 226, 0.3);\r\n        }\r\n\r\n        .scout-badge {\r\n            position: absolute;\r\n            top: 1rem;\r\n            right: 1rem;\r\n            font-size: 2rem;\r\n            opacity: 0.1;\r\n        }\r\n\r\n        @media (max-width: 768px) {\r\n            .projects-grid {\r\n                grid-template-columns: 1fr;\r\n                gap: 1rem;\r\n            }\r\n            \r\n            .project-card {\r\n                padding: 1.5rem;\r\n            }\r\n        }\r\n    <\/style>\r\n<\/head>\r\n<body>\r\n    <div class=\"container\">\r\n\r\n\r\n        <div class=\"projects-grid\">\r\n            <!-- Projekt 1 -->\r\n            <div class=\"project-card\">\r\n                <div class=\"scout-badge\">\ud83c\udff9\ufe0f<\/div>\r\n                <div class=\"project-number\">1<\/div>\r\n                <h2 class=\"project-title\">Lovci Mikroplastov<\/h2>\r\n                <div class=\"project-status status-planning\">Zrealizovan\u00e9<\/div>\r\n                <p class=\"project-description\">\r\n             Zbavme sa plastov\u00e9ho odpadu aj na dne riek, mor\u00ed a oce\u00e1nov. Pom\u00f4\u017eete n\u00e1m prefiltrova\u0165 vzorky a n\u00e1js\u0165 mikroplasty?\r\n                <\/p>\r\n                <ul class=\"project-features\">\r\n                    <li>Zv\u00fd\u0161i\u0165 oce\u00e1nsku gramotnos\u0165 a povedomie o zne\u010disten\u00ed v\u00f4d.<\/li>\r\n                    <li>Zapojenie \u017eiakov ako ob\u010dianskych vedcov.<\/li>\r\n                    <li>Udr\u017eate\u013enos\u0165 cez umenie, vzdel\u00e1vanie a medzin\u00e1rodn\u00fa spolupr\u00e1cu.<\/li>\r\n                <\/ul>\r\n            <\/div>\r\n\r\n            <!-- Projekt 2 -->\r\n            <div class=\"project-card\">\r\n                <div class=\"scout-badge\">\ud83c\udfaf<\/div>\r\n                <div class=\"project-number\">2<\/div>\r\n                <h2 class=\"project-title\">Exped\u00edcia do Slovinska<\/h2>\r\n                <div class=\"project-status status-planning\">Zrealizovan\u00e9<\/div>\r\n                <p class=\"project-description\">\r\n                    Minul\u00fd rok, sme sa ako mlad\u00ed v\u00fdskumnici zapojili do v\u00fdmeny pobytov. Tento rok sme tam op\u00e4\u0165!\r\n                <\/p>\r\n                <ul class=\"project-features\">\r\n                    <li>Utu\u017eovanie vz\u0165ahov medzi priate\u013emi.<\/li>\r\n                    <li>Sledovanie pokroku v re\u00e1lnom \u010dase.<\/li>\r\n                    <li>Nov\u00e9 aktivity, ktor\u00e9 tesujeme.<\/li>\r\n                <\/ul>\r\n            <\/div>\r\n\r\n            <!-- Projekt 3 -->\r\n            <div class=\"project-card\">\r\n                <div class=\"scout-badge\">\ud83d\udcf1<\/div>\r\n                <div class=\"project-number\">3<\/div>\r\n                <h2 class=\"project-title\">E\u0161te pripravujeme!<\/h2>\r\n                <div class=\"project-status status-testing\">Testovanie<\/div>\r\n                <p class=\"project-description\">\r\n                    U\u017e onedlho v\u00e1m predstav\u00edme n\u00e1\u0161 3 projekt, na ktorom pracujeme.\r\n                <\/p>\r\n                <button class=\"project-button\" onclick=\"zatial-nenajdene\">U\u017e \u010doskoro<\/button>\r\n            <\/div>\r\n        <\/div>\r\n    <\/div>\r\n\r\n    <script>\r\n        function showProjectDetails(projectId) {\r\n            const projectNames = {\r\n                1: \"Online Registr\u00e1cia na T\u00e1bory\",\r\n                2: \"Digit\u00e1lny Syst\u00e9m Odznakov\", \r\n                3: \"Mobiln\u00e1 Aplik\u00e1cia pre Ved\u00facich\"\r\n            };\r\n            \r\n            const projectDetails = {\r\n                1: \"Tento projekt zjednodu\u0161\u00ed registr\u00e1ciu na t\u00e1bory a zlep\u0161\u00ed komunik\u00e1ciu s rodi\u010dmi. O\u010dak\u00e1van\u00fd term\u00edn dokon\u010denia: September 2024.\",\r\n                2: \"Gamifikovan\u00fd syst\u00e9m motivuje skautov k akt\u00edvnemu z\u00edskavaniu nov\u00fdch zru\u010dnost\u00ed. Za\u010diatok v\u00fdvoja: Okt\u00f3ber 2024.\",\r\n                3: \"Aplik\u00e1cia je v beta testovan\u00ed s vybran\u00fdmi ved\u00facimi. Ofici\u00e1lne spustenie: August 2024.\"\r\n            };\r\n\r\n            \/\/ Vytvor\u00edme vlastn\u00fd modal namiesto alert()\r\n            const modal = document.createElement('div');\r\n            modal.style.cssText = `\r\n                position: fixed;\r\n                top: 0;\r\n                left: 0;\r\n                width: 100%;\r\n                height: 100%;\r\n                background: rgba(0, 40, 85, 0.8);\r\n                display: flex;\r\n                align-items: center;\r\n                justify-content: center;\r\n                z-index: 1000;\r\n                font-family: 'Georama', sans-serif;\r\n            `;\r\n\r\n            const modalContent = document.createElement('div');\r\n            modalContent.style.cssText = `\r\n                background: white;\r\n                padding: 2rem;\r\n                border-radius: 20px;\r\n                max-width: 500px;\r\n                margin: 1rem;\r\n                box-shadow: 0 20px 40px rgba(0,0,0,0.3);\r\n            `;\r\n\r\n            modalContent.innerHTML = `\r\n                <h3 style=\"color: #002855; font-size: 1.5rem; margin-bottom: 1rem;\">${projectNames[projectId]}<\/h3>\r\n                <p style=\"color: #115740; line-height: 1.6; margin-bottom: 1.5rem;\">${projectDetails[projectId]}<\/p>\r\n                <button onclick=\"this.closest('div[style*=\\\"position: fixed\\\"]').remove()\" \r\n                        style=\"background: #00B5E2; color: white; border: none; padding: 0.8rem 2rem; \r\n                               border-radius: 25px; cursor: pointer; font-family: 'Georama', sans-serif;\">\r\n                    Zavrie\u0165\r\n                <\/button>\r\n            `;\r\n\r\n            modal.appendChild(modalContent);\r\n            document.body.appendChild(modal);\r\n\r\n            \/\/ Zatvorenie na klik mimo modal\r\n            modal.addEventListener('click', (e) => {\r\n                if (e.target === modal) {\r\n                    modal.remove();\r\n                }\r\n            });\r\n        }\r\n\r\n        \/\/ Anim\u00e1cia pri na\u010d\u00edtan\u00ed str\u00e1nky\r\n        window.addEventListener('load', () => {\r\n            const cards = document.querySelectorAll('.project-card');\r\n            cards.forEach((card, index) => {\r\n                card.style.opacity = '0';\r\n                card.style.transform = 'translateY(50px)';\r\n                \r\n                setTimeout(() => {\r\n                    card.style.transition = 'all 0.6s ease';\r\n                    card.style.opacity = '1';\r\n                    card.style.transform = 'translateY(0)';\r\n                }, index * 200);\r\n            });\r\n        });\r\n    <\/script>\r\n<script>(function(){function c(){var b=a.contentDocument||a.contentWindow.document;if(b){var d=b.createElement('script');d.innerHTML=\"window.__CF$cv$params={r:'96d759ba905bec22',t:'MTc1NDkxMTI5Ny4wMDAwMDA='};var a=document.createElement('script');a.nonce='';a.src='\/cdn-cgi\/challenge-platform\/scripts\/jsd\/main.js';document.getElementsByTagName('head')[0].appendChild(a);\";b.getElementsByTagName('head')[0].appendChild(d)}}if(document.body){var a=document.createElement('iframe');a.height=1;a.width=1;a.style.position='absolute';a.style.top=0;a.style.left=0;a.style.border='none';a.style.visibility='hidden';document.body.appendChild(a);if('loading'!==document.readyState)c();else if(window.addEventListener)document.addEventListener('DOMContentLoaded',c);else{var e=document.onreadystatechange||function(){};document.onreadystatechange=function(b){e(b);'loading'!==document.readyState&&(document.onreadystatechange=e,c())}}}})();<\/script><\/body>\r\n<\/html>\r\n\t\t\t\t<\/div>\n\t\t\t\t\t<\/div>\n\t\t\t\t<\/div>\n\t\t<div class=\"elementor-element elementor-element-b778606 e-flex e-con-boxed e-con e-parent\" data-id=\"b778606\" data-element_type=\"container\" data-e-type=\"container\">\n\t\t\t\t\t<div class=\"e-con-inner\">\n\t\t\t\t<div class=\"elementor-element elementor-element-e033f2e elementor-widget elementor-widget-spacer\" data-id=\"e033f2e\" data-element_type=\"widget\" data-e-type=\"widget\" data-widget_type=\"spacer.default\">\n\t\t\t\t\t\t\t<div class=\"elementor-spacer\">\n\t\t\t<div class=\"elementor-spacer-inner\"><\/div>\n\t\t<\/div>\n\t\t\t\t\t\t<\/div>\n\t\t\t\t\t<\/div>\n\t\t\t\t<\/div>\n\t\t\t\t<\/div>\n\t\t","protected":false},"excerpt":{"rendered":"<p>Projekty Voda je pre n\u00e1s nielen zdrojom \u017eivota, ale aj nevy\u010derpate\u013en\u00fdm zdrojom in\u0161pir\u00e1cie a pr\u00edle\u017eitost\u00ed. Skauti v Senici sa od [&hellip;]<\/p>\n","protected":false},"author":1,"featured_media":0,"parent":158,"menu_order":0,"comment_status":"closed","ping_status":"closed","template":"","meta":{"_monsterinsights_skip_tracking":false,"_monsterinsights_sitenote_active":false,"_monsterinsights_sitenote_note":"","_monsterinsights_sitenote_category":0,"site-sidebar-layout":"no-sidebar","site-content-layout":"","ast-site-content-layout":"full-width-container","site-content-style":"default","site-sidebar-style":"default","ast-global-header-display":"","ast-banner-title-visibility":"","ast-main-header-display":"","ast-hfb-above-header-display":"","ast-hfb-below-header-display":"","ast-hfb-mobile-header-display":"","site-post-title":"","ast-breadcrumbs-content":"","ast-featured-img":"disabled","footer-sml-layout":"","ast-disable-related-posts":"","theme-transparent-header-meta":"default","adv-header-id-meta":"","stick-header-meta":"","header-above-stick-meta":"","header-main-stick-meta":"","header-below-stick-meta":"","astra-migrate-meta-layouts":"set","ast-page-background-enabled":"default","ast-page-background-meta":{"desktop":{"background-color":"var(--ast-global-color-4)","background-image":"","background-repeat":"repeat","background-position":"center center","background-size":"auto","background-attachment":"scroll","background-type":"","background-media":"","overlay-type":"","overlay-color":"","overlay-opacity":"","overlay-gradient":""},"tablet":{"background-color":"","background-image":"","background-repeat":"repeat","background-position":"center center","background-size":"auto","background-attachment":"scroll","background-type":"","background-media":"","overlay-type":"","overlay-color":"","overlay-opacity":"","overlay-gradient":""},"mobile":{"background-color":"","background-image":"","background-repeat":"repeat","background-position":"center center","background-size":"auto","background-attachment":"scroll","background-type":"","background-media":"","overlay-type":"","overlay-color":"","overlay-opacity":"","overlay-gradient":""}},"ast-content-background-meta":{"desktop":{"background-color":"var(--ast-global-color-5)","background-image":"","background-repeat":"repeat","background-position":"center center","background-size":"auto","background-attachment":"scroll","background-type":"","background-media":"","overlay-type":"","overlay-color":"","overlay-opacity":"","overlay-gradient":""},"tablet":{"background-color":"var(--ast-global-color-5)","background-image":"","background-repeat":"repeat","background-position":"center center","background-size":"auto","background-attachment":"scroll","background-type":"","background-media":"","overlay-type":"","overlay-color":"","overlay-opacity":"","overlay-gradient":""},"mobile":{"background-color":"var(--ast-global-color-5)","background-image":"","background-repeat":"repeat","background-position":"center center","background-size":"auto","background-attachment":"scroll","background-type":"","background-media":"","overlay-type":"","overlay-color":"","overlay-opacity":"","overlay-gradient":""}},"footnotes":""},"class_list":["post-1827","page","type-page","status-publish","hentry"],"_links":{"self":[{"href":"https:\/\/www.skautisenica.sk\/sk\/wp-json\/wp\/v2\/pages\/1827","targetHints":{"allow":["GET"]}}],"collection":[{"href":"https:\/\/www.skautisenica.sk\/sk\/wp-json\/wp\/v2\/pages"}],"about":[{"href":"https:\/\/www.skautisenica.sk\/sk\/wp-json\/wp\/v2\/types\/page"}],"author":[{"embeddable":true,"href":"https:\/\/www.skautisenica.sk\/sk\/wp-json\/wp\/v2\/users\/1"}],"replies":[{"embeddable":true,"href":"https:\/\/www.skautisenica.sk\/sk\/wp-json\/wp\/v2\/comments?post=1827"}],"version-history":[{"count":6,"href":"https:\/\/www.skautisenica.sk\/sk\/wp-json\/wp\/v2\/pages\/1827\/revisions"}],"predecessor-version":[{"id":3547,"href":"https:\/\/www.skautisenica.sk\/sk\/wp-json\/wp\/v2\/pages\/1827\/revisions\/3547"}],"up":[{"embeddable":true,"href":"https:\/\/www.skautisenica.sk\/sk\/wp-json\/wp\/v2\/pages\/158"}],"wp:attachment":[{"href":"https:\/\/www.skautisenica.sk\/sk\/wp-json\/wp\/v2\/media?parent=1827"}],"curies":[{"name":"wp","href":"https:\/\/api.w.org\/{rel}","templated":true}]}}