{"id":21,"date":"2024-09-18T10:45:14","date_gmt":"2024-09-18T08:45:14","guid":{"rendered":"https:\/\/www.skautisenica.sk\/register\/"},"modified":"2026-01-02T12:30:53","modified_gmt":"2026-01-02T11:30:53","slug":"registracia","status":"publish","type":"page","link":"https:\/\/www.skautisenica.sk\/sk\/registracia\/","title":{"rendered":"Registr\u00e1cia"},"content":{"rendered":"\t\t<div data-elementor-type=\"wp-page\" data-elementor-id=\"21\" class=\"elementor elementor-21\" data-elementor-post-type=\"page\">\n\t\t\t\t<div class=\"elementor-element elementor-element-5c964285 e-flex e-con-boxed e-con e-parent\" data-id=\"5c964285\" data-element_type=\"container\" data-e-type=\"container\">\n\t\t\t\t\t<div class=\"e-con-inner\">\n\t\t\t\t<div class=\"elementor-element elementor-element-181ad41 elementor-headline--style-highlight elementor-widget elementor-widget-animated-headline\" data-id=\"181ad41\" data-element_type=\"widget\" data-e-type=\"widget\" data-settings=\"{&quot;marker&quot;:&quot;curly&quot;,&quot;highlighted_text&quot;:&quot;Registr\\u00e1cia&quot;,&quot;headline_style&quot;:&quot;highlight&quot;,&quot;loop&quot;:&quot;yes&quot;,&quot;highlight_animation_duration&quot;:1200,&quot;highlight_iteration_delay&quot;:8000}\" data-widget_type=\"animated-headline.default\">\n\t\t\t\t\t\t\t<h3 class=\"elementor-headline\">\n\t\t\t\t<span class=\"elementor-headline-dynamic-wrapper elementor-headline-text-wrapper\">\n\t\t\t\t\t<span class=\"elementor-headline-dynamic-text elementor-headline-text-active\">Registr\u00e1cia<\/span>\n\t\t\t\t<\/span>\n\t\t\t\t<\/h3>\n\t\t\t\t\t\t<\/div>\n\t\t\t\t<div class=\"elementor-element elementor-element-1be3d6b elementor-widget elementor-widget-spacer\" data-id=\"1be3d6b\" data-element_type=\"widget\" data-e-type=\"widget\" data-widget_type=\"spacer.default\">\n\t\t\t\t\t\t\t<div class=\"elementor-spacer\">\n\t\t\t<div class=\"elementor-spacer-inner\"><\/div>\n\t\t<\/div>\n\t\t\t\t\t\t<\/div>\n\t\t\t\t<div class=\"elementor-element elementor-element-222fb42c elementor-widget elementor-widget-shortcode\" data-id=\"222fb42c\" data-element_type=\"widget\" data-e-type=\"widget\" data-widget_type=\"shortcode.default\">\n\t\t\t\t\t\t\t<div class=\"elementor-shortcode\">\n<div class=\"um um-register um-7\">\n\t<div class=\"um-form\" data-mode=\"register\">\n\t\t<form method=\"post\" action=\"\">\n\t\t\t<div class=\"um-row _um_row_1 \" style=\"margin: 0 0 30px 0;\"><div class=\"um-col-1\"><div  id=\"um_field_7_user_login\" class=\"um-field um-field-text  um-field-user_login um-field-text um-field-type_text\" data-key=\"user_login\"><div class=\"um-field-label\"><div class=\"um-field-label-icon\"><i class=\"fas fa-address-book\" aria-label=\"Prihlasovacie meno alebo email\"><\/i><\/div><label for=\"user_login-7\">Prihlasovacie meno alebo email<span class=\"um-req\" title=\"Required\">*<\/span><\/label><span class=\"um-tip um-tip-w\" title=\"Zadajte si vlastn\u00e9 prihlasovacie meno ktor\u00fdm sa budete prihlasova\u0165 do n\u00e1\u0161ho redak\u010dn\u00e9ho syst\u00e9mu.\"><i class=\"um-icon-help-circled\"><\/i><\/span><div class=\"um-clear\"><\/div><\/div><div class=\"um-field-area\"><input  autocomplete=\"off\" class=\"um-form-field valid \" type=\"text\" name=\"user_login-7\" id=\"user_login-7\" value=\"\" placeholder=\"\" data-validate=\"unique_username\" data-key=\"user_login\"  aria-invalid=\"false\" \/>\n\n\t\t\t\t\t\t<\/div><\/div><div  id=\"um_field_7_first_name\" class=\"um-field um-field-text  um-field-first_name um-field-text um-field-type_text\" data-key=\"first_name\"><div class=\"um-field-label\"><div class=\"um-field-label-icon\"><i class=\"far fa-id-badge\" aria-label=\"Meno\"><\/i><\/div><label for=\"first_name-7\">Meno<span class=\"um-req\" title=\"Required\">*<\/span><\/label><span class=\"um-tip um-tip-w\" title=\"Zadajte svoje meno.\"><i class=\"um-icon-help-circled\"><\/i><\/span><div class=\"um-clear\"><\/div><\/div><div class=\"um-field-area\"><input  autocomplete=\"off\" class=\"um-form-field valid \" type=\"text\" name=\"first_name-7\" id=\"first_name-7\" value=\"\" placeholder=\"\" data-validate=\"\" data-key=\"first_name\"  aria-invalid=\"false\" \/>\n\n\t\t\t\t\t\t<\/div><\/div><div  id=\"um_field_7_last_name\" class=\"um-field um-field-text  um-field-last_name um-field-text um-field-type_text\" data-key=\"last_name\"><div class=\"um-field-label\"><div class=\"um-field-label-icon\"><i class=\"fas fa-id-badge\" aria-label=\"Priezvisko\"><\/i><\/div><label for=\"last_name-7\">Priezvisko<span class=\"um-req\" title=\"Required\">*<\/span><\/label><span class=\"um-tip um-tip-w\" title=\"Zadajte svoje priezvisko.\"><i class=\"um-icon-help-circled\"><\/i><\/span><div class=\"um-clear\"><\/div><\/div><div class=\"um-field-area\"><input  autocomplete=\"off\" class=\"um-form-field valid \" type=\"text\" name=\"last_name-7\" id=\"last_name-7\" value=\"\" placeholder=\"\" data-validate=\"\" data-key=\"last_name\"  aria-invalid=\"false\" \/>\n\n\t\t\t\t\t\t<\/div><\/div><div  id=\"um_field_7_user_email\" class=\"um-field um-field-text  um-field-user_email um-field-text um-field-type_text\" data-key=\"user_email\"><div class=\"um-field-label\"><div class=\"um-field-label-icon\"><i class=\"fas fa-at\" aria-label=\"E-mail\"><\/i><\/div><label for=\"user_email-7\">E-mail<span class=\"um-req\" title=\"Required\">*<\/span><\/label><span class=\"um-tip um-tip-w\" title=\"Zadajte svoj platn\u00fd e-mail.\"><i class=\"um-icon-help-circled\"><\/i><\/span><div class=\"um-clear\"><\/div><\/div><div class=\"um-field-area\"><input  autocomplete=\"off\" class=\"um-form-field valid \" type=\"text\" name=\"user_email-7\" id=\"user_email-7\" value=\"\" placeholder=\"\" data-validate=\"unique_email\" data-key=\"user_email\"  aria-invalid=\"false\" \/>\n\n\t\t\t\t\t\t<\/div><\/div><div  id=\"um_field_7_user_password\" class=\"um-field um-field-password  um-field-user_password um-field-password um-field-type_password\" data-key=\"user_password\"><div class=\"um-field-label\"><div class=\"um-field-label-icon\"><i class=\"fas fa-lock\" aria-label=\"Heslo\"><\/i><\/div><label for=\"user_password-7\">Heslo<span class=\"um-req\" title=\"Required\">*<\/span><\/label><span class=\"um-tip um-tip-w\" title=\"Vytvorte si svoje vlastn\u00e9 heslo.\"><i class=\"um-icon-help-circled\"><\/i><\/span><div class=\"um-clear\"><\/div><\/div><div class=\"um-field-area\"><div class=\"um-field-area-password\">\n\t\t\t\t\t\t\t\t\t<input class=\"um-form-field valid \" type=\"password\" name=\"user_password-7\" id=\"user_password-7\" value=\"\" placeholder=\"\" data-validate=\"\" data-key=\"user_password\"  aria-invalid=\"false\" \/>\n\t\t\t\t\t\t\t\t\t<span class=\"um-toggle-password\"><i class=\"um-icon-eye\"><\/i><\/span>\n\t\t\t\t\t\t\t\t<\/div>\n\t\t\t\t\t\t\t<\/div><\/div><div  id=\"um_field_7_confirm_user_password\" class=\"um-field um-field-password  um-field-user_password um-field-password um-field-type_password\" data-key=\"confirm_user_password\"><div class=\"um-field-label\"><div class=\"um-field-label-icon\"><i class=\"fas fa-lock\" aria-label=\"Potvr\u010fte Heslo\"><\/i><\/div><label for=\"confirm_user_password-7\">Potvr\u010fte Heslo<span class=\"um-req\" title=\"Required\">*<\/span><\/label><div class=\"um-clear\"><\/div><\/div><div class=\"um-field-area\"><div class=\"um-field-area-password\"><input class=\"um-form-field valid \" type=\"password\" name=\"confirm_user_password-7\" id=\"confirm_user_password-7\" value=\"\" placeholder=\"Potvr\u010fte Heslo\" data-validate=\"\" data-key=\"confirm_user_password\"  aria-invalid=\"false\" \/><span class=\"um-toggle-password\"><i class=\"um-icon-eye\"><\/i><\/span><\/div><\/div><\/div><div  id=\"um_field_7_id_user_2\" class=\"um-field um-field-text  um-field-id_user_2 um-field-text um-field-type_text\" data-key=\"id_user_2\"><div class=\"um-field-label\"><div class=\"um-field-label-icon\"><i class=\"far fa-address-card\" aria-label=\"ID \u00fa\u010dtu\"><\/i><\/div><label for=\"id_user_2-7\">ID \u00fa\u010dtu<span class=\"um-req\" title=\"Required\">*<\/span><\/label><span class=\"um-tip um-tip-w\" title=\"Vytvorte si vlastn\u00e9 a jedine\u010dn\u00e9 ID, pomocou ktor\u00e9ho V\u00e1s \u013eahko n\u00e1jdeme v datab\u00e1ze a bude sl\u00fa\u017ei\u0165 ako overenie, pri chat akci\u00e1ch alebo overeniach, mailom.\"><i class=\"um-icon-help-circled\"><\/i><\/span><div class=\"um-clear\"><\/div><\/div><div class=\"um-field-area\"><input  autocomplete=\"off\" class=\"um-form-field valid \" type=\"text\" name=\"id_user_2-7\" id=\"id_user_2-7\" value=\"\" placeholder=\"\" data-validate=\"\" data-key=\"id_user_2\"  aria-invalid=\"false\" \/>\n\n\t\t\t\t\t\t<\/div><\/div><\/div><\/div>\n<!-- This file should primarily consist of HTML with a little bit of PHP. -->\n<div class=\"um-field um-field-type_terms_conditions\" data-key=\"use_terms_conditions_agreement\" style=\"display:block;padding:0;\">\n\t<div class=\"um-field-area\">\n\t\t<div class=\"um-gdpr-content\" style=\"display:none;\">\n\t\t\t<h3>\n\t\t\t\t\tZ\u00e1sady pou\u017e\u00edvania s\u00faborov cookie<br \/>\n\t\t\t\t<\/h3>\n<p data-start=\"245\" data-end=\"324\"><strong data-start=\"245\" data-end=\"268\"><a href=\"http:\/\/www.skautisenica.sk\" target=\"_new\" rel=\"noopener\" data-start=\"247\" data-end=\"266\">www.skautisenica.sk<\/a><\/strong><br data-start=\"268\" data-end=\"271\" \/><strong data-start=\"271\" data-end=\"324\">48. pr\u00edstav vodn\u00fdch skautov &#8220;BUFO VIRIDIS&#8221; Senica<\/strong><\/p>\n<h3 data-start=\"326\" data-end=\"355\">1. \u010co s\u00fa s\u00fabory cookie?<\/h3>\n<p data-start=\"356\" data-end=\"612\">S\u00fabory cookie s\u00fa mal\u00e9 textov\u00e9 s\u00fabory, ktor\u00e9 sa ukladaj\u00fa do v\u00e1\u0161ho zariadenia (po\u010d\u00edta\u010d, telef\u00f3n, tablet) pri n\u00e1v\u0161teve webovej str\u00e1nky. Pou\u017e\u00edvaj\u00fa sa na zlep\u0161enie funk\u010dnosti str\u00e1nky, prisp\u00f4sobenie obsahu, anal\u00fdzu n\u00e1v\u0161tevnosti a poskytovanie soci\u00e1lnych funkci\u00ed.<\/p>\n<h3 data-start=\"614\" data-end=\"648\">2. Ak\u00e9 typy cookies pou\u017e\u00edvame?<\/h3>\n<h4 data-start=\"650\" data-end=\"678\">a) Nevyhnutn\u00e9 cookies<\/h4>\n<p data-start=\"679\" data-end=\"835\">Tieto cookies s\u00fa potrebn\u00e9 na spr\u00e1vne fungovanie str\u00e1nky (napr. zapam\u00e4tanie si pou\u017e\u00edvate\u013esk\u00fdch nastaven\u00ed, fungovanie kontaktn\u00e9ho formul\u00e1ra alebo live chatu).<\/p>\n<h4 data-start=\"837\" data-end=\"865\">b) Analytick\u00e9 cookies<\/h4>\n<p data-start=\"866\" data-end=\"1101\">Pou\u017e\u00edvame slu\u017ebu <strong data-start=\"883\" data-end=\"903\">Google Analytics<\/strong>, ktor\u00e1 n\u00e1m pom\u00e1ha pochopi\u0165, ako n\u00e1v\u0161tevn\u00edci pou\u017e\u00edvaj\u00fa na\u0161u str\u00e1nku. Tieto cookies zbieraj\u00fa anonymn\u00e9 \u00fadaje, ako napr\u00edklad po\u010det n\u00e1v\u0161tev, \u010das str\u00e1ven\u00fd na str\u00e1nke, alebo ktor\u00e9 str\u00e1nky boli nav\u0161t\u00edven\u00e9.<\/p>\n<h4 data-start=\"1103\" data-end=\"1142\">c) Funk\u010dn\u00e9 cookies tret\u00edch str\u00e1n<\/h4>\n<p data-start=\"1143\" data-end=\"1307\">Na str\u00e1nke sa m\u00f4\u017eu zobrazova\u0165 vlo\u017een\u00e9 vide\u00e1 z <strong data-start=\"1189\" data-end=\"1200\">YouTube<\/strong> alebo interakt\u00edvne funkcie cez <strong data-start=\"1232\" data-end=\"1245\">LiveAgent<\/strong> (live chat). Tieto slu\u017eby m\u00f4\u017eu uklada\u0165 svoje vlastn\u00e9 cookies.<\/p>\n<h3 data-start=\"1309\" data-end=\"1347\">3. Ako m\u00f4\u017eete spravova\u0165 cookies?<\/h3>\n<p data-start=\"1348\" data-end=\"1573\">Pri prvej n\u00e1v\u0161teve na\u0161ej str\u00e1nky sa v\u00e1m zobraz\u00ed li\u0161ta so spr\u00e1vou s\u00faborov cookie, kde si m\u00f4\u017eete vybra\u0165, ktor\u00e9 cookies povol\u00edte. Svoj s\u00fahlas m\u00f4\u017eete kedyko\u013evek zmeni\u0165 alebo odvola\u0165 prostredn\u00edctvom nastaven\u00ed vo va\u0161om prehliada\u010di.<\/p>\n<p data-start=\"1575\" data-end=\"1611\">N\u00e1vody pre \u00fapravu nastaven\u00ed cookies:<\/p>\n<ul data-start=\"1612\" data-end=\"2015\">\n<li data-start=\"1612\" data-end=\"1736\">\n<p data-start=\"1614\" data-end=\"1736\"><strong data-start=\"1614\" data-end=\"1625\">Chrome:<\/strong> <a target=\"_new\" rel=\"noopener\" data-start=\"1626\" data-end=\"1734\">https:\/\/support.google.com\/chrome\/answer\/95647?hl=sk<\/a><\/p>\n<\/li>\n<li data-start=\"1737\" data-end=\"1880\">\n<p data-start=\"1739\" data-end=\"1880\"><strong data-start=\"1739\" data-end=\"1751\">Firefox:<\/strong> <a href=\"https:\/\/support.mozilla.org\/sk\/kb\/povolenie-zakazanie-cookies\" target=\"_new\" rel=\"noopener\" data-start=\"1752\" data-end=\"1878\">https:\/\/support.mozilla.org\/sk\/kb\/povolenie-zakazanie-cookies<\/a><\/p>\n<\/li>\n<li data-start=\"1881\" data-end=\"2015\">\n<p data-start=\"1883\" data-end=\"2015\"><strong data-start=\"1883\" data-end=\"1894\">Safari:<\/strong> <a href=\"https:\/\/support.apple.com\/sk-sk\/guide\/safari\/sfri11471\/mac\" target=\"_new\" rel=\"noopener\" data-start=\"1895\" data-end=\"2015\">https:\/\/support.apple.com\/sk-sk\/guide\/safari\/sfri11471\/mac<\/a><\/p>\n<\/li>\n<\/ul>\n<h3 data-start=\"2017\" data-end=\"2033\">4. Kontakt<\/h3>\n<p data-start=\"2034\" data-end=\"2195\">Ak m\u00e1te ak\u00e9ko\u013evek ot\u00e1zky t\u00fdkaj\u00face sa pou\u017e\u00edvania cookies na na\u0161ej str\u00e1nke, kontaktujte n\u00e1s na:<br data-start=\"2127\" data-end=\"2130\" \/>\ud83d\udce7 <strong data-start=\"2133\" data-end=\"2156\"><a rel=\"noopener\" data-start=\"2135\" data-end=\"2154\">dpo@skautisenica.sk<\/a><\/strong><br data-start=\"2156\" data-end=\"2159\" \/>\ud83c\udfe0 <strong data-start=\"2162\" data-end=\"2195\">V. Paul\u00ednyho-T\u00f3tha 32, Senica<\/strong><\/p>\n\t\t<\/div>\n\t\t<a href=\"javascript:void(0);\" class=\"um-toggle-gdpr\" data-toggle-state=\"hidden\"\n\t\t\tdata-toggle-show=\"Zobrazi\u0165 z\u00e1sady ochrany osobn\u00fdch \u00fadajov\"\n\t\t\tdata-toggle-hide=\"Skry\u0165 z\u00e1sady ochrany osobn\u00fdch \u00fadajov\">\n\t\t\tZobrazi\u0165 z\u00e1sady ochrany osobn\u00fdch \u00fadajov\t\t<\/a>\n\t<\/div>\n\t<div class=\"um-field-area\">\n\t\t<label class=\"um-field-checkbox\">\n\t\t\t<input type=\"checkbox\" name=\"use_gdpr_agreement\" value=\"1\">\n\t\t\t<span class=\"um-field-checkbox-state\"><i class=\"um-icon-android-checkbox-outline-blank\"><\/i><\/span>\n\t\t\t<span class=\"um-field-checkbox-option\">Potvr\u010fte, \u017ee s\u00fahlas\u00edte s na\u0161imi z\u00e1sadami ochrany osobn\u00fdch \u00fadajov<\/span>\n\t\t<\/label>\n\t\t<div class=\"um-clear\"><\/div>\n\t\t\t\t<div class=\"um-clear\"><\/div>\n\t<\/div>\n<\/div>\n\t<input type=\"hidden\" name=\"form_id\" id=\"form_id_7\" value=\"7\" \/>\n\t\t<p class=\"um_request_name\">\n\t\t<label for=\"um_request_7\">Only fill in if you are not human<\/label>\n\t\t<input type=\"hidden\" name=\"um_request\" id=\"um_request_7\" class=\"input\" value=\"\" size=\"25\" autocomplete=\"off\" \/>\n\t<\/p>\n\t<input type=\"hidden\" id=\"_wpnonce\" name=\"_wpnonce\" value=\"eda853e9f5\" \/><input type=\"hidden\" name=\"_wp_http_referer\" value=\"\/sk\/wp-json\/wp\/v2\/pages\/21\" \/>\n\t<div class=\"um-col-alt\">\n\n\t\t\n\t\t\t<div class=\"um-left um-half\">\n\t\t\t\t<input type=\"submit\" value=\"Registrova\u0165 sa\" class=\"um-button\" id=\"um-submit-btn\" \/>\n\t\t\t<\/div>\n\t\t\t<div class=\"um-right um-half\">\n\t\t\t\t<a href=\"https:\/\/www.skautisenica.sk\/sk\/prihlasenie\/\" class=\"um-button um-alt\">\n\t\t\t\t\tPrihl\u00e1si\u0165 sa\t\t\t\t<\/a>\n\t\t\t<\/div>\n\n\t\t\n\t\t<div class=\"um-clear\"><\/div>\n\n\t<\/div>\n\n\t\t\t<\/form>\n\t<\/div>\n<\/div>\n<style>\n\t\t\t.um-7.um {\n\t\t\tmax-width: 450px;\n\t\t}\n\t\t<\/style>\n<\/div>\n\t\t\t\t\t\t<\/div>\n\t\t\t\t<div class=\"elementor-element elementor-element-9d344f2 elementor-widget elementor-widget-spacer\" data-id=\"9d344f2\" data-element_type=\"widget\" data-e-type=\"widget\" data-widget_type=\"spacer.default\">\n\t\t\t\t\t\t\t<div class=\"elementor-spacer\">\n\t\t\t<div class=\"elementor-spacer-inner\"><\/div>\n\t\t<\/div>\n\t\t\t\t\t\t<\/div>\n\t\t\t\t\t<\/div>\n\t\t\t\t<\/div>\n\t\t\t\t<\/div>\n\t\t","protected":false},"excerpt":{"rendered":"<p>Registr\u00e1cia<\/p>\n","protected":false},"author":1,"featured_media":0,"parent":0,"menu_order":0,"comment_status":"closed","ping_status":"closed","template":"","meta":{"_monsterinsights_skip_tracking":false,"_monsterinsights_sitenote_active":false,"_monsterinsights_sitenote_note":"","_monsterinsights_sitenote_category":0,"site-sidebar-layout":"default","site-content-layout":"","ast-site-content-layout":"default","site-content-style":"default","site-sidebar-style":"default","ast-global-header-display":"","ast-banner-title-visibility":"","ast-main-header-display":"","ast-hfb-above-header-display":"","ast-hfb-below-header-display":"","ast-hfb-mobile-header-display":"","site-post-title":"","ast-breadcrumbs-content":"","ast-featured-img":"","footer-sml-layout":"","ast-disable-related-posts":"","theme-transparent-header-meta":"default","adv-header-id-meta":"","stick-header-meta":"","header-above-stick-meta":"","header-main-stick-meta":"","header-below-stick-meta":"","astra-migrate-meta-layouts":"set","ast-page-background-enabled":"default","ast-page-background-meta":{"desktop":{"background-color":"var(--ast-global-color-4)","background-image":"","background-repeat":"repeat","background-position":"center center","background-size":"auto","background-attachment":"scroll","background-type":"","background-media":"","overlay-type":"","overlay-color":"","overlay-opacity":"","overlay-gradient":""},"tablet":{"background-color":"","background-image":"","background-repeat":"repeat","background-position":"center center","background-size":"auto","background-attachment":"scroll","background-type":"","background-media":"","overlay-type":"","overlay-color":"","overlay-opacity":"","overlay-gradient":""},"mobile":{"background-color":"","background-image":"","background-repeat":"repeat","background-position":"center center","background-size":"auto","background-attachment":"scroll","background-type":"","background-media":"","overlay-type":"","overlay-color":"","overlay-opacity":"","overlay-gradient":""}},"ast-content-background-meta":{"desktop":{"background-color":"var(--ast-global-color-5)","background-image":"","background-repeat":"repeat","background-position":"center center","background-size":"auto","background-attachment":"scroll","background-type":"","background-media":"","overlay-type":"","overlay-color":"","overlay-opacity":"","overlay-gradient":""},"tablet":{"background-color":"var(--ast-global-color-5)","background-image":"","background-repeat":"repeat","background-position":"center center","background-size":"auto","background-attachment":"scroll","background-type":"","background-media":"","overlay-type":"","overlay-color":"","overlay-opacity":"","overlay-gradient":""},"mobile":{"background-color":"var(--ast-global-color-5)","background-image":"","background-repeat":"repeat","background-position":"center center","background-size":"auto","background-attachment":"scroll","background-type":"","background-media":"","overlay-type":"","overlay-color":"","overlay-opacity":"","overlay-gradient":""}},"footnotes":""},"class_list":["post-21","page","type-page","status-publish","hentry"],"_links":{"self":[{"href":"https:\/\/www.skautisenica.sk\/sk\/wp-json\/wp\/v2\/pages\/21","targetHints":{"allow":["GET"]}}],"collection":[{"href":"https:\/\/www.skautisenica.sk\/sk\/wp-json\/wp\/v2\/pages"}],"about":[{"href":"https:\/\/www.skautisenica.sk\/sk\/wp-json\/wp\/v2\/types\/page"}],"author":[{"embeddable":true,"href":"https:\/\/www.skautisenica.sk\/sk\/wp-json\/wp\/v2\/users\/1"}],"replies":[{"embeddable":true,"href":"https:\/\/www.skautisenica.sk\/sk\/wp-json\/wp\/v2\/comments?post=21"}],"version-history":[{"count":5,"href":"https:\/\/www.skautisenica.sk\/sk\/wp-json\/wp\/v2\/pages\/21\/revisions"}],"predecessor-version":[{"id":3472,"href":"https:\/\/www.skautisenica.sk\/sk\/wp-json\/wp\/v2\/pages\/21\/revisions\/3472"}],"wp:attachment":[{"href":"https:\/\/www.skautisenica.sk\/sk\/wp-json\/wp\/v2\/media?parent=21"}],"curies":[{"name":"wp","href":"https:\/\/api.w.org\/{rel}","templated":true}]}}