{"id":3024,"date":"2025-09-15T15:40:24","date_gmt":"2025-09-15T13:40:24","guid":{"rendered":"https:\/\/www.skautisenica.sk\/?page_id=3024"},"modified":"2026-02-17T10:54:39","modified_gmt":"2026-02-17T09:54:39","slug":"zaciname-spolu","status":"publish","type":"page","link":"https:\/\/www.skautisenica.sk\/sk\/zaciname-spolu\/","title":{"rendered":"Za\u010d\u00edname spolu"},"content":{"rendered":"\t\t<div data-elementor-type=\"wp-page\" data-elementor-id=\"3024\" class=\"elementor elementor-3024\" data-elementor-post-type=\"page\">\n\t\t\t\t<div class=\"elementor-element elementor-element-a977e40 e-flex e-con-boxed e-con e-parent\" data-id=\"a977e40\" data-element_type=\"container\" data-e-type=\"container\">\n\t\t\t\t\t<div class=\"e-con-inner\">\n\t\t\t\t<div class=\"elementor-element elementor-element-1d308e0 elementor-widget elementor-widget-spacer\" data-id=\"1d308e0\" data-element_type=\"widget\" data-e-type=\"widget\" data-widget_type=\"spacer.default\">\n\t\t\t\t\t\t\t<div class=\"elementor-spacer\">\n\t\t\t<div class=\"elementor-spacer-inner\"><\/div>\n\t\t<\/div>\n\t\t\t\t\t\t<\/div>\n\t\t\t\t\t<\/div>\n\t\t\t\t<\/div>\n\t\t<div class=\"elementor-element elementor-element-b0af978 e-flex e-con-boxed e-con e-parent\" data-id=\"b0af978\" data-element_type=\"container\" data-e-type=\"container\">\n\t\t\t\t\t<div class=\"e-con-inner\">\n\t\t\t\t<div class=\"elementor-element elementor-element-9866de6 elementor-headline--style-highlight elementor-widget elementor-widget-animated-headline\" data-id=\"9866de6\" data-element_type=\"widget\" data-e-type=\"widget\" data-settings=\"{&quot;marker&quot;:&quot;curly&quot;,&quot;highlighted_text&quot;:&quot;Za\\u010d\\u00edname spolu&quot;,&quot;headline_style&quot;:&quot;highlight&quot;,&quot;loop&quot;:&quot;yes&quot;,&quot;highlight_animation_duration&quot;:1200,&quot;highlight_iteration_delay&quot;:8000}\" data-widget_type=\"animated-headline.default\">\n\t\t\t\t\t\t\t<h3 class=\"elementor-headline\">\n\t\t\t\t<span class=\"elementor-headline-dynamic-wrapper elementor-headline-text-wrapper\">\n\t\t\t\t\t<span class=\"elementor-headline-dynamic-text elementor-headline-text-active\">Za\u010d\u00edname spolu<\/span>\n\t\t\t\t<\/span>\n\t\t\t\t<\/h3>\n\t\t\t\t\t\t<\/div>\n\t\t\t\t<div class=\"elementor-element elementor-element-e881004 elementor-widget elementor-widget-text-editor\" data-id=\"e881004\" data-element_type=\"widget\" data-e-type=\"widget\" data-widget_type=\"text-editor.default\">\n\t\t\t\t\t\t\t\t\t<p>Ak sa chcete sta\u0165 \u010dlenmi n\u00e1\u0161ho skautsk\u00e9ho pr\u00edstavu t\u00e1to str\u00e1nka je ur\u010den\u00e1 pr\u00e1ve v\u00e1m. Pom\u00f4\u017ee v\u00e1m spravi\u0165 prv\u00e9 kroky, zorientova\u0165 sa a vedie\u0165, na koho sa obr\u00e1ti\u0165 v pr\u00edpade ot\u00e1zok.<\/p>\t\t\t\t\t\t\t\t<\/div>\n\t\t\t\t\t<\/div>\n\t\t\t\t<\/div>\n\t\t<div class=\"elementor-element elementor-element-8e583df e-flex e-con-boxed e-con e-parent\" data-id=\"8e583df\" data-element_type=\"container\" data-e-type=\"container\">\n\t\t\t\t\t<div class=\"e-con-inner\">\n\t\t\t\t<div class=\"elementor-element elementor-element-e7ec196 elementor-widget elementor-widget-heading\" data-id=\"e7ec196\" data-element_type=\"widget\" data-e-type=\"widget\" data-widget_type=\"heading.default\">\n\t\t\t\t\t<h3 class=\"elementor-heading-title elementor-size-default\">Prv\u00e9 kroky<\/h3>\t\t\t\t<\/div>\n\t\t\t\t\t<\/div>\n\t\t\t\t<\/div>\n\t\t<div class=\"elementor-element elementor-element-2f1d280 e-flex e-con-boxed e-con e-parent\" data-id=\"2f1d280\" data-element_type=\"container\" data-e-type=\"container\">\n\t\t\t\t\t<div class=\"e-con-inner\">\n\t\t\t\t<div class=\"elementor-element elementor-element-4f6885c elementor-widget elementor-widget-text-editor\" data-id=\"4f6885c\" data-element_type=\"widget\" data-e-type=\"widget\" data-widget_type=\"text-editor.default\">\n\t\t\t\t\t\t\t\t\t<ol>\n<li data-start=\"343\" data-end=\"427\">Zozn\u00e1mte sa s <strong data-start=\"357\" data-end=\"382\">ved\u00facim v\u00e1\u0161ho oddielu<\/strong> \u2013 je to \u010dlovek, ktor\u00fd v\u00e1s bude sprev\u00e1dza\u0165.<\/li>\n<li data-start=\"428\" data-end=\"483\">\n<p data-start=\"430\" data-end=\"483\">Pozrite si <strong data-start=\"441\" data-end=\"480\">aktu\u00e1lny rozpis stretnut\u00ed a aktiv\u00edt<\/strong>.<\/p>\n<\/li>\n<li data-start=\"484\" data-end=\"552\">\n<p data-start=\"486\" data-end=\"552\">Pridajte sa do na\u0161ej <strong data-start=\"507\" data-end=\"531\">komunika\u010dnej platformy<\/strong> a sledujte oznamy.<\/p>\n<\/li>\n<\/ol>\n<p>Ved\u00facich oddielov n\u00e1jdete v gal\u00e9ri\u00ed \u010dlenov, <a href=\"https:\/\/skautisenica.sk\/o-nas\" target=\"_blank\" rel=\"noopener\">tu<\/a>.&nbsp; Aktu\u00e1lny rozvrh aktiv\u00edt, akci\u00ed, pl\u00e1nov, sch\u00f4dzok n\u00e1jdete <a href=\"https:\/\/skautisenica.sk\/program\/kalendar\" target=\"_blank\" rel=\"noopener\">tu<\/a>. Kontakty na n\u00e1s n\u00e1jdete <a href=\"https:\/\/skautisenica.sk\/kontakt\" target=\"_blank\" rel=\"noopener\">tu<\/a>, komunika\u010dn\u00e9 platformy s\u00fa u\u017e na dohode s&nbsp;<em>pr\u00edstavn\u00fdm pre PR,&nbsp;kapit\u00e1nom oddielu, d\u00f4stojn\u00edkom pre PR, lodivodom, d\u00f4stojn\u00edkom pre program alebo \u010fal\u0161\u00edm s \u010dlenov pr\u00edstavnej alebo \u00fazkej admirality.&nbsp;<\/em><\/p>\t\t\t\t\t\t\t\t<\/div>\n\t\t\t\t<div class=\"elementor-element elementor-element-ea09afd elementor-widget elementor-widget-heading\" data-id=\"ea09afd\" data-element_type=\"widget\" data-e-type=\"widget\" data-widget_type=\"heading.default\">\n\t\t\t\t\t<h3 class=\"elementor-heading-title elementor-size-default\">Kroky k naplneniu<\/h3>\t\t\t\t<\/div>\n\t\t\t\t\t<\/div>\n\t\t\t\t<\/div>\n\t\t<div class=\"elementor-element elementor-element-5d7abc5 e-flex e-con-boxed e-con e-parent\" data-id=\"5d7abc5\" data-element_type=\"container\" data-e-type=\"container\">\n\t\t\t\t\t<div class=\"e-con-inner\">\n\t\t\t\t<div class=\"elementor-element elementor-element-0dba069 elementor-widget elementor-widget-text-editor\" data-id=\"0dba069\" data-element_type=\"widget\" data-e-type=\"widget\" data-widget_type=\"text-editor.default\">\n\t\t\t\t\t\t\t\t\t<ol><li>N\u00e1jdite si prihl\u00e1\u0161ku (zverejnen\u00fa na na\u0161om webe).<\/li><li>Vytla\u010dte a vypl\u0148te si ju.<\/li><li>Naskenujte, odfo\u0165te a po\u0161lite ju jedn\u00e9mu zo z\u00e1stupcov PR, oddielov\u00fdm vodcom, pr\u00edpadne pr\u00edstavn\u00e9mu kapit\u00e1novi.<\/li><\/ol>\t\t\t\t\t\t\t\t<\/div>\n\t\t\t\t<div class=\"elementor-element elementor-element-149dd8f elementor-widget elementor-widget-heading\" data-id=\"149dd8f\" data-element_type=\"widget\" data-e-type=\"widget\" data-widget_type=\"heading.default\">\n\t\t\t\t\t<h3 class=\"elementor-heading-title elementor-size-default\">FAQ<\/h3>\t\t\t\t<\/div>\n\t\t\t\t<div class=\"elementor-element elementor-element-af717b4 elementor-widget elementor-widget-html\" data-id=\"af717b4\" data-element_type=\"widget\" data-e-type=\"widget\" data-widget_type=\"html.default\">\n\t\t\t\t\t<!DOCTYPE html>\r\n<html lang=\"sk\">\r\n<head>\r\n    <meta charset=\"UTF-8\">\r\n    <meta name=\"viewport\" content=\"width=device-width, initial-scale=1.0\">\r\n    <title>FAQ Widget<\/title>\r\n    <link href=\"https:\/\/fonts.googleapis.com\/css2?family=Georama:wght@300;400;500;600;700&display=swap\" rel=\"stylesheet\">\r\n    <style>\r\n        * {\r\n            margin: 0;\r\n            padding: 0;\r\n            box-sizing: border-box;\r\n        }\r\n        \r\n        p {\r\n            size: 24px;\r\n        }\r\n\r\n        .faq-widget {\r\n            font-family: 'Georama', sans-serif;\r\n            max-width: 800px;\r\n            margin: 20px auto;\r\n            background: white;\r\n            border-radius: 12px;\r\n            box-shadow: 0 4px 20px rgba(0, 40, 85, 0.1);\r\n            overflow: hidden;\r\n        }\r\n\r\n        .faq-header {\r\n            background: #002855;\r\n            color: white;\r\n            padding: 24px;\r\n            text-align: center;\r\n        }\r\n\r\n        .faq-header h2 {\r\n            font-size: 28px;\r\n            font-weight: 600;\r\n            margin-bottom: 8px;\r\n        }\r\n\r\n        .faq-header p {\r\n            font-size: 16px;\r\n            opacity: 0.9;\r\n            font-weight: 300;\r\n        }\r\n\r\n        .faq-container {\r\n            padding: 20px;\r\n        }\r\n\r\n        .faq-item {\r\n            border-bottom: 1px solid #f0f0f0;\r\n            margin-bottom: 8px;\r\n        }\r\n\r\n        .faq-item:last-child {\r\n            border-bottom: none;\r\n            margin-bottom: 0;\r\n        }\r\n\r\n        .faq-question {\r\n            width: calc(100% + 40px);\r\n            background: none;\r\n            border: none;\r\n            padding: 20px;\r\n            text-align: left;\r\n            cursor: pointer;\r\n            font-family: 'Georama', sans-serif;\r\n            font-size: 18px;\r\n            font-weight: 500;\r\n            color: #002855;\r\n            display: flex;\r\n            justify-content: space-between;\r\n            align-items: center;\r\n            transition: color 0.3s ease, border-left 0.3s ease;\r\n            border-left: 4px solid transparent;\r\n            margin-left: -20px;\r\n            margin-right: -20px;\r\n        }\r\n\r\n        .faq-item.active .faq-question {\r\n            border-left: 4px solid #00B5E2;\r\n        }\r\n\r\n        .faq-question:hover {\r\n            color: #E03C31;\r\n        }\r\n\r\n        .faq-icon {\r\n            width: 24px;\r\n            height: 24px;\r\n            border-radius: 50%;\r\n            background: #00B5E2;\r\n            display: flex;\r\n            align-items: center;\r\n            justify-content: center;\r\n            color: white;\r\n            font-weight: 600;\r\n            font-size: 18px;\r\n            transition: transform 0.3s ease, background-color 0.3s ease;\r\n            flex-shrink: 0;\r\n            margin-left: 16px;\r\n        }\r\n\r\n        .faq-item.active .faq-icon {\r\n            transform: rotate(45deg);\r\n            background: #F2A900;\r\n        }\r\n\r\n        .faq-answer {\r\n            max-height: 0;\r\n            overflow: hidden;\r\n            transition: max-height 0.4s ease, padding 0.4s ease;\r\n            background: #FCE9BF;\r\n            margin: 0 -20px;\r\n            padding: 0 20px;\r\n            border-left: 4px solid #F2A900;\r\n        }\r\n\r\n        .faq-item.active .faq-answer {\r\n            max-height: 300px;\r\n            padding: 20px;\r\n        }\r\n\r\n        .faq-answer p {\r\n            color: #002855;\r\n            font-size: 16px;\r\n            line-height: 1.6;\r\n            font-weight: 400;\r\n        }\r\n\r\n       @media (max-width: 768px) {\r\n    .faq-widget {\r\n        margin: 10px;\r\n        border-radius: 8px;\r\n        max-width: 100%;\r\n    }\r\n\r\n    .faq-header {\r\n        padding: 20px;\r\n    }\r\n\r\n    .faq-header h2 {\r\n        font-size: 22px;\r\n    }\r\n\r\n    .faq-container {\r\n        padding: 16px;\r\n    }\r\n\r\n    .faq-question {\r\n        width: 100%;\r\n        margin-left: 0;\r\n        margin-right: 0;\r\n        font-size: 16px;\r\n        padding: 16px 0;\r\n    }\r\n\r\n    .faq-answer {\r\n        margin: 0;\r\n    }\r\n\r\n    .faq-item.active .faq-answer {\r\n        padding: 16px;\r\n    }\r\n}\r\n\r\n        }\r\n    <\/style>\r\n<\/head>\r\n<body>\r\n    <div class=\"faq-widget\">\r\n        <div class=\"faq-header\">\r\n            <h2>\u010casto kladen\u00e9 ot\u00e1zky<\/h2>\r\n            <p>N\u00e1jdite odpovede na naj\u010dastej\u0161ie ot\u00e1zky<\/p>\r\n        <\/div>\r\n        \r\n        <div class=\"faq-container\">\r\n            <div class=\"faq-item\">\r\n                <button class=\"faq-question\">\r\n                    Ako m\u00f4\u017eem kontaktova\u0165 na\u0161u podporu?\r\n                    <span class=\"faq-icon\">+<\/span>\r\n                <\/button>\r\n                <div class=\"faq-answer\">\r\n                    <p>Na\u0161u podporu m\u00f4\u017eete kontaktova\u0165 prostredn\u00edctvom e-mailu, telef\u00f3nu alebo live chatu na na\u0161ej webstr\u00e1nke. Sme k dispoz\u00edcii (telef\u00f3n, chat) len ako sa n\u00e1m da. Na emaily odpoved\u00e1me do 24h.<\/p>\r\n                <\/div>\r\n            <\/div>\r\n\r\n            <div class=\"faq-item\">\r\n                <button class=\"faq-question\">\r\n                    Ko\u013eko stoj\u00ed \u010dlensk\u00e9 u n\u00e1s?\r\n                    <span class=\"faq-icon\">+<\/span>\r\n                <\/button>\r\n                <div class=\"faq-answer\">\r\n                    <p>\u0160tandartn\u00e1 suma za kvart\u00e1lny rok je 20\u20ac. Za cel\u00fd skautsk\u00fd rok je to 80\u20ac. Suma sa vyber\u00e1 pod\u013ea dohody pr\u00edstavu.<\/p>\r\n                <\/div>\r\n            <\/div>\r\n\r\n            <div class=\"faq-item\">\r\n                <button class=\"faq-question\">\r\n                    Kde n\u00e1jdem prihl\u00e1\u0161ku a kam ju m\u00e1m posla\u0165?\r\n                    <span class=\"faq-icon\">+<\/span>\r\n                <\/button>\r\n                <div class=\"faq-answer\">\r\n                    <p>Prihl\u00e1\u0161ku n\u00e1jdete n\u00e1jdete tu: https:\/\/skautisenica.sk\/kontakt\/prihlaska-clena. Vyplnen\u00fa ju treba posla\u0165 jedn\u00e9mu zo z\u00e1stupcov PR alebo oddielov\u00fdm ved\u00facim, pr\u00edpadne kapit\u00e1novi pr\u00edstavu.<\/p>\r\n                <\/div>\r\n            <\/div>\r\n\r\n            <div class=\"faq-item\">\r\n                <button class=\"faq-question\">\r\n                    Kde m\u00e1m h\u013eada\u0165 osovy na ktor\u00e9 sa m\u00f4\u017eem obr\u00e1ti\u0165 pri probl\u00e9me?\r\n                    <span class=\"faq-icon\">+<\/span>\r\n                <\/button>\r\n                <div class=\"faq-answer\">\r\n                    <p>V\u0161etky osoby, ktor\u00e9 m\u00f4\u017eete kontaktova\u0165 n\u00e1jdete v podstr\u00e1nke \"O n\u00e1s\" - ka\u017ed\u00e1 osoba m\u00e1 pod sebou tla\u010didlo kontaktu (email).<\/p>\r\n                <\/div>\r\n            <\/div>\r\n\r\n            <div class=\"faq-item\">\r\n                <button class=\"faq-question\">\r\n                    Kde n\u00e1jdem d\u00e1tumy akci\u00ed a sch\u00f4dzok?\r\n                    <span class=\"faq-icon\">+<\/span>\r\n                <\/button>\r\n                <div class=\"faq-answer\">\r\n                    <p>V\u0161etky d\u00f4le\u017eit\u00e9 d\u00e1tumy n\u00e1jdete v sekci\u00ed Program, po rozbalen\u00ed menu kliknite na \"Kalend\u00e1r\". Tam u\u017e je odkaz na n\u00e1\u0161 kalend\u00e1r, ktor\u00fd si m\u00f4\u017eete prida\u0165.<\/p>\r\n                <\/div>\r\n            <\/div>\r\n        <\/div>\r\n    <\/div>\r\n\r\n    <script>\r\n        document.addEventListener('DOMContentLoaded', function() {\r\n            const faqItems = document.querySelectorAll('.faq-item');\r\n            \r\n            faqItems.forEach(item => {\r\n                const question = item.querySelector('.faq-question');\r\n                \r\n                question.addEventListener('click', function() {\r\n                    const isActive = item.classList.contains('active');\r\n                    \r\n                    \/\/ Zatvor v\u0161etky ostatn\u00e9 FAQ polo\u017eky\r\n                    faqItems.forEach(otherItem => {\r\n                        if (otherItem !== item) {\r\n                            otherItem.classList.remove('active');\r\n                        }\r\n                    });\r\n                    \r\n                    \/\/ Prepni aktu\u00e1lnu polo\u017eku\r\n                    if (isActive) {\r\n                        item.classList.remove('active');\r\n                    } else {\r\n                        item.classList.add('active');\r\n                    }\r\n                });\r\n            });\r\n        });\r\n    <\/script>\r\n<script>(function(){function c(){var b=a.contentDocument||a.contentWindow.document;if(b){var d=b.createElement('script');d.innerHTML=\"window.__CF$cv$params={r:'97f896cbf709c232',t:'MTc1Nzk0NDE4My4wMDAwMDA='};var a=document.createElement('script');a.nonce='';a.src='\/cdn-cgi\/challenge-platform\/scripts\/jsd\/main.js';document.getElementsByTagName('head')[0].appendChild(a);\";b.getElementsByTagName('head')[0].appendChild(d)}}if(document.body){var a=document.createElement('iframe');a.height=1;a.width=1;a.style.position='absolute';a.style.top=0;a.style.left=0;a.style.border='none';a.style.visibility='hidden';document.body.appendChild(a);if('loading'!==document.readyState)c();else if(window.addEventListener)document.addEventListener('DOMContentLoaded',c);else{var e=document.onreadystatechange||function(){};document.onreadystatechange=function(b){e(b);'loading'!==document.readyState&&(document.onreadystatechange=e,c())}}}})();<\/script><\/body>\r\n<\/html>\r\n\t\t\t\t<\/div>\n\t\t\t\t<div class=\"elementor-element elementor-element-fb99f1b elementor-widget elementor-widget-spacer\" data-id=\"fb99f1b\" data-element_type=\"widget\" data-e-type=\"widget\" data-widget_type=\"spacer.default\">\n\t\t\t\t\t\t\t<div class=\"elementor-spacer\">\n\t\t\t<div class=\"elementor-spacer-inner\"><\/div>\n\t\t<\/div>\n\t\t\t\t\t\t<\/div>\n\t\t\t\t\t<\/div>\n\t\t\t\t<\/div>\n\t\t\t\t<\/div>\n\t\t","protected":false},"excerpt":{"rendered":"<p>Za\u010d\u00edname spolu Ak sa chcete sta\u0165 \u010dlenmi n\u00e1\u0161ho skautsk\u00e9ho pr\u00edstavu t\u00e1to str\u00e1nka je ur\u010den\u00e1 pr\u00e1ve v\u00e1m. Pom\u00f4\u017ee v\u00e1m spravi\u0165 prv\u00e9 [&hellip;]<\/p>\n","protected":false},"author":1,"featured_media":0,"parent":0,"menu_order":0,"comment_status":"closed","ping_status":"closed","template":"","meta":{"_monsterinsights_skip_tracking":false,"_monsterinsights_sitenote_active":false,"_monsterinsights_sitenote_note":"","_monsterinsights_sitenote_category":0,"site-sidebar-layout":"no-sidebar","site-content-layout":"","ast-site-content-layout":"full-width-container","site-content-style":"default","site-sidebar-style":"default","ast-global-header-display":"","ast-banner-title-visibility":"","ast-main-header-display":"","ast-hfb-above-header-display":"","ast-hfb-below-header-display":"","ast-hfb-mobile-header-display":"","site-post-title":"","ast-breadcrumbs-content":"","ast-featured-img":"disabled","footer-sml-layout":"","ast-disable-related-posts":"","theme-transparent-header-meta":"","adv-header-id-meta":"","stick-header-meta":"","header-above-stick-meta":"","header-main-stick-meta":"","header-below-stick-meta":"","astra-migrate-meta-layouts":"default","ast-page-background-enabled":"default","ast-page-background-meta":{"desktop":{"background-color":"var(--ast-global-color-4)","background-image":"","background-repeat":"repeat","background-position":"center center","background-size":"auto","background-attachment":"scroll","background-type":"","background-media":"","overlay-type":"","overlay-color":"","overlay-opacity":"","overlay-gradient":""},"tablet":{"background-color":"","background-image":"","background-repeat":"repeat","background-position":"center center","background-size":"auto","background-attachment":"scroll","background-type":"","background-media":"","overlay-type":"","overlay-color":"","overlay-opacity":"","overlay-gradient":""},"mobile":{"background-color":"","background-image":"","background-repeat":"repeat","background-position":"center center","background-size":"auto","background-attachment":"scroll","background-type":"","background-media":"","overlay-type":"","overlay-color":"","overlay-opacity":"","overlay-gradient":""}},"ast-content-background-meta":{"desktop":{"background-color":"var(--ast-global-color-5)","background-image":"","background-repeat":"repeat","background-position":"center center","background-size":"auto","background-attachment":"scroll","background-type":"","background-media":"","overlay-type":"","overlay-color":"","overlay-opacity":"","overlay-gradient":""},"tablet":{"background-color":"var(--ast-global-color-5)","background-image":"","background-repeat":"repeat","background-position":"center center","background-size":"auto","background-attachment":"scroll","background-type":"","background-media":"","overlay-type":"","overlay-color":"","overlay-opacity":"","overlay-gradient":""},"mobile":{"background-color":"var(--ast-global-color-5)","background-image":"","background-repeat":"repeat","background-position":"center center","background-size":"auto","background-attachment":"scroll","background-type":"","background-media":"","overlay-type":"","overlay-color":"","overlay-opacity":"","overlay-gradient":""}},"footnotes":""},"class_list":["post-3024","page","type-page","status-publish","hentry"],"_links":{"self":[{"href":"https:\/\/www.skautisenica.sk\/sk\/wp-json\/wp\/v2\/pages\/3024","targetHints":{"allow":["GET"]}}],"collection":[{"href":"https:\/\/www.skautisenica.sk\/sk\/wp-json\/wp\/v2\/pages"}],"about":[{"href":"https:\/\/www.skautisenica.sk\/sk\/wp-json\/wp\/v2\/types\/page"}],"author":[{"embeddable":true,"href":"https:\/\/www.skautisenica.sk\/sk\/wp-json\/wp\/v2\/users\/1"}],"replies":[{"embeddable":true,"href":"https:\/\/www.skautisenica.sk\/sk\/wp-json\/wp\/v2\/comments?post=3024"}],"version-history":[{"count":6,"href":"https:\/\/www.skautisenica.sk\/sk\/wp-json\/wp\/v2\/pages\/3024\/revisions"}],"predecessor-version":[{"id":3535,"href":"https:\/\/www.skautisenica.sk\/sk\/wp-json\/wp\/v2\/pages\/3024\/revisions\/3535"}],"wp:attachment":[{"href":"https:\/\/www.skautisenica.sk\/sk\/wp-json\/wp\/v2\/media?parent=3024"}],"curies":[{"name":"wp","href":"https:\/\/api.w.org\/{rel}","templated":true}]}}