{"id":690,"date":"2024-10-16T21:13:20","date_gmt":"2024-10-16T19:13:20","guid":{"rendered":"https:\/\/www.skautisenica.sk\/?page_id=690"},"modified":"2025-12-08T15:57:13","modified_gmt":"2025-12-08T14:57:13","slug":"jobs","status":"publish","type":"page","link":"https:\/\/www.skautisenica.sk\/sk\/jobs\/","title":{"rendered":"Jobs"},"content":{"rendered":"\t\t<div data-elementor-type=\"wp-page\" data-elementor-id=\"690\" class=\"elementor elementor-690\" data-elementor-post-type=\"page\">\n\t\t\t\t<div class=\"elementor-element elementor-element-60d3c1e e-flex e-con-boxed e-con e-parent\" data-id=\"60d3c1e\" data-element_type=\"container\" data-e-type=\"container\">\n\t\t\t\t\t<div class=\"e-con-inner\">\n\t\t\t\t<div class=\"elementor-element elementor-element-216b9ab elementor-widget elementor-widget-spacer\" data-id=\"216b9ab\" data-element_type=\"widget\" data-e-type=\"widget\" data-widget_type=\"spacer.default\">\n\t\t\t\t\t\t\t<div class=\"elementor-spacer\">\n\t\t\t<div class=\"elementor-spacer-inner\"><\/div>\n\t\t<\/div>\n\t\t\t\t\t\t<\/div>\n\t\t\t\t\t<\/div>\n\t\t\t\t<\/div>\n\t\t<div class=\"elementor-element elementor-element-e472cbb e-flex e-con-boxed e-con e-parent\" data-id=\"e472cbb\" data-element_type=\"container\" data-e-type=\"container\">\n\t\t\t\t\t<div class=\"e-con-inner\">\n\t\t\t\t<div class=\"elementor-element elementor-element-494debc elementor-headline--style-highlight elementor-widget elementor-widget-animated-headline\" data-id=\"494debc\" data-element_type=\"widget\" data-e-type=\"widget\" data-settings=\"{&quot;marker&quot;:&quot;curly&quot;,&quot;highlighted_text&quot;:&quot;Intro v PR t\\u00edme&quot;,&quot;headline_style&quot;:&quot;highlight&quot;,&quot;loop&quot;:&quot;yes&quot;,&quot;highlight_animation_duration&quot;:1200,&quot;highlight_iteration_delay&quot;:8000}\" data-widget_type=\"animated-headline.default\">\n\t\t\t\t\t\t\t<h3 class=\"elementor-headline\">\n\t\t\t\t<span class=\"elementor-headline-dynamic-wrapper elementor-headline-text-wrapper\">\n\t\t\t\t\t<span class=\"elementor-headline-dynamic-text elementor-headline-text-active\">Intro v PR t\u00edme<\/span>\n\t\t\t\t<\/span>\n\t\t\t\t<\/h3>\n\t\t\t\t\t\t<\/div>\n\t\t\t\t\t<\/div>\n\t\t\t\t<\/div>\n\t\t<div class=\"elementor-element elementor-element-71806b4 e-flex e-con-boxed e-con e-parent\" data-id=\"71806b4\" data-element_type=\"container\" data-e-type=\"container\">\n\t\t\t\t\t<div class=\"e-con-inner\">\n\t\t\t\t<div class=\"elementor-element elementor-element-dc481ac elementor-widget elementor-widget-html\" data-id=\"dc481ac\" data-element_type=\"widget\" data-e-type=\"widget\" data-widget_type=\"html.default\">\n\t\t\t\t\t<!DOCTYPE html>\r\n<html lang=\"sk\">\r\n<head>\r\n    <meta charset=\"UTF-8\">\r\n    <meta name=\"viewport\" content=\"width=device-width, initial-scale=1.0\">\r\n    <title>Widget vo\u013en\u00fdch poz\u00edci\u00ed<\/title>\r\n    <link href=\"https:\/\/fonts.googleapis.com\/css2?family=Georama:wght@300;400;500;600;700&display=swap\" rel=\"stylesheet\">\r\n\r\n    <style>\r\n        \/* Fix pos\u00favania doprava *\/\r\n        html, body {\r\n            overflow-x: hidden;\r\n            margin: 0;\r\n            padding: 0;\r\n        }\r\n\r\n        .job-widget {\r\n            font-family: 'Georama', sans-serif;\r\n            max-width: 600px;\r\n            width: 100%;\r\n            background: #002855;\r\n            border-radius: 24px;\r\n            padding: 48px;\r\n            box-shadow: 0 16px 64px rgba(0, 40, 85, 0.3);\r\n            color: #FCE9BF;\r\n            text-align: center;\r\n            border: 3px solid #00B5E2;\r\n            margin: 0 auto;\r\n            box-sizing: border-box;\r\n        }\r\n\r\n        .widget-header {\r\n            margin-bottom: 40px;\r\n        }\r\n\r\n        .widget-title {\r\n            font-size: 32px;\r\n            font-weight: 700;\r\n            margin: 0 0 16px 0;\r\n            color: #F2A900;\r\n            text-transform: uppercase;\r\n            letter-spacing: 1px;\r\n        }\r\n\r\n        .widget-subtitle {\r\n            font-size: 20px;\r\n            font-weight: 400;\r\n            margin: 0;\r\n            color: #FCE9BF;\r\n        }\r\n\r\n        .job-list {\r\n            margin-bottom: 0;\r\n        }\r\n\r\n        .job-item {\r\n            background: #FCE9BF;\r\n            color: #002855;\r\n            border-radius: 16px;\r\n            padding: 32px;\r\n            margin-bottom: 20px;\r\n            transition: all 0.3s ease;\r\n            border: 2px solid transparent;\r\n        }\r\n\r\n        .job-item:hover {\r\n            background: #F2A900;\r\n            border-color: #00B5E2;\r\n            transform: translateY(-4px);\r\n            box-shadow: 0 8px 32px rgba(0, 181, 226, 0.3);\r\n        }\r\n\r\n        .job-title {\r\n            font-size: 24px;\r\n            font-weight: 600;\r\n            margin: 0 0 12px 0;\r\n            color: #002855;\r\n        }\r\n\r\n        .job-department {\r\n            font-size: 18px;\r\n            font-weight: 500;\r\n            color: #115740;\r\n            margin: 0 0 16px 0;\r\n        }\r\n\r\n        .urgent-badge {\r\n            background: #E03C31;\r\n            color: #FCE9BF;\r\n            font-size: 12px;\r\n            padding: 4px 8px;\r\n            border-radius: 6px;\r\n            font-weight: 700;\r\n            text-transform: uppercase;\r\n            letter-spacing: 0.5px;\r\n            margin-left: 8px;\r\n        }\r\n\r\n        .no-jobs {\r\n            text-align: center;\r\n            padding: 40px;\r\n            color: #FCE9BF;\r\n            font-style: italic;\r\n            font-size: 18px;\r\n        }\r\n\r\n        \/* ----------------------------- *\/\r\n        \/*       MOBILN\u00c9 ZOBRAZENIE      *\/\r\n        \/* ----------------------------- *\/\r\n        @media (max-width: 768px) {\r\n\r\n            .job-widget {\r\n                max-width: 100%;\r\n                padding: 20px;\r\n                margin: 12px auto !important;\r\n                border-radius: 16px;\r\n            }\r\n\r\n            .widget-title {\r\n                font-size: 20px;\r\n                margin-bottom: 6px;\r\n                line-height: 1.2;\r\n            }\r\n\r\n            .widget-subtitle {\r\n                font-size: 15px;\r\n                line-height: 1.3;\r\n            }\r\n\r\n            .job-item {\r\n                padding: 16px;\r\n                margin-bottom: 14px;\r\n                border-radius: 12px;\r\n            }\r\n\r\n            .job-title {\r\n                font-size: 17px;\r\n                margin-bottom: 6px;\r\n                line-height: 1.3;\r\n                word-break: break-word;\r\n            }\r\n\r\n            .job-department {\r\n                font-size: 13px;\r\n                margin-bottom: 8px;\r\n            }\r\n\r\n            .urgent-badge {\r\n                font-size: 10px;\r\n                padding: 3px 5px;\r\n            }\r\n        }\r\n\r\n        \/* Extra mal\u00e9 zariadenia (320\u2013380 px) *\/\r\n        @media (max-width: 380px) {\r\n            .job-widget {\r\n                padding: 16px;\r\n            }\r\n\r\n            .widget-title {\r\n                font-size: 18px;\r\n            }\r\n\r\n            .job-title {\r\n                font-size: 16px;\r\n            }\r\n        }\r\n    <\/style>\r\n<\/head>\r\n<body>\r\n\r\n    <div class=\"job-widget\">\r\n        <div class=\"widget-header\">\r\n            <h3 class=\"widget-title\">Vo\u013en\u00e9 poz\u00edcie<\/h3>\r\n            <p class=\"widget-subtitle\">Pripoj sa k n\u00e1\u0161mu t\u00edmu<\/p>\r\n        <\/div>\r\n        \r\n        <div class=\"job-list\" id=\"jobList\">\r\n            <div class=\"job-item\">\r\n                <h4 class=\"job-title\">Frontend Developer<\/h4>\r\n                <p class=\"job-department\"><\/p>\r\n            <\/div>\r\n            \r\n            <div class=\"job-item\">\r\n                <h4 class=\"job-title\">Co-Admin <span class=\"urgent-badge\">Urgent<\/span><\/h4>\r\n                <p class=\"job-department\"><\/p>\r\n            <\/div>\r\n        <\/div>\r\n    <\/div>\r\n\r\n    <script>\r\n        function openJobDetail(jobId) {\r\n            alert(`Otv\u00e1ram detail poz\u00edcie: ${jobId}`);\r\n        }\r\n    <\/script>\r\n\r\n<\/body>\r\n<\/html>\r\n\t\t\t\t<\/div>\n\t\t\t\t\t<\/div>\n\t\t\t\t<\/div>\n\t\t<div class=\"elementor-element elementor-element-c3c9b3a e-flex e-con-boxed e-con e-parent\" data-id=\"c3c9b3a\" data-element_type=\"container\" data-e-type=\"container\">\n\t\t\t\t\t<div class=\"e-con-inner\">\n\t\t\t\t<div class=\"elementor-element elementor-element-53a2c8d elementor-widget elementor-widget-spacer\" data-id=\"53a2c8d\" data-element_type=\"widget\" data-e-type=\"widget\" data-widget_type=\"spacer.default\">\n\t\t\t\t\t\t\t<div class=\"elementor-spacer\">\n\t\t\t<div class=\"elementor-spacer-inner\"><\/div>\n\t\t<\/div>\n\t\t\t\t\t\t<\/div>\n\t\t\t\t\t<\/div>\n\t\t\t\t<\/div>\n\t\t<div class=\"elementor-element elementor-element-fd60a49 e-flex e-con-boxed e-con e-parent\" data-id=\"fd60a49\" data-element_type=\"container\" data-e-type=\"container\">\n\t\t\t\t\t<div class=\"e-con-inner\">\n\t\t\t\t<div class=\"elementor-element elementor-element-d980006 elementor-widget elementor-widget-text-editor\" data-id=\"d980006\" data-element_type=\"widget\" data-e-type=\"widget\" data-widget_type=\"text-editor.default\">\n\t\t\t\t\t\t\t\t\t<p>V pr\u00edpade z\u00e1ujmu n\u00e1s pros\u00edm, kontaktujte na <a href=\"mailto:jobs@skautisenica.sk\">jobs@skautisenica.sk<\/a>.<\/p>\t\t\t\t\t\t\t\t<\/div>\n\t\t\t\t\t<\/div>\n\t\t\t\t<\/div>\n\t\t\t\t<\/div>\n\t\t","protected":false},"excerpt":{"rendered":"<p>Intro v PR t\u00edme Widget vo\u013en\u00fdch poz\u00edci\u00ed Vo\u013en\u00e9 poz\u00edcie Pripoj sa k n\u00e1\u0161mu t\u00edmu Frontend Developer Co-Admin Urgent V pr\u00edpade [&hellip;]<\/p>\n","protected":false},"author":1,"featured_media":0,"parent":0,"menu_order":0,"comment_status":"closed","ping_status":"closed","template":"","meta":{"_monsterinsights_skip_tracking":false,"_monsterinsights_sitenote_active":false,"_monsterinsights_sitenote_note":"","_monsterinsights_sitenote_category":0,"site-sidebar-layout":"no-sidebar","site-content-layout":"","ast-site-content-layout":"full-width-container","site-content-style":"default","site-sidebar-style":"default","ast-global-header-display":"","ast-banner-title-visibility":"","ast-main-header-display":"","ast-hfb-above-header-display":"","ast-hfb-below-header-display":"","ast-hfb-mobile-header-display":"","site-post-title":"disabled","ast-breadcrumbs-content":"","ast-featured-img":"disabled","footer-sml-layout":"","ast-disable-related-posts":"","theme-transparent-header-meta":"","adv-header-id-meta":"","stick-header-meta":"","header-above-stick-meta":"","header-main-stick-meta":"","header-below-stick-meta":"","astra-migrate-meta-layouts":"default","ast-page-background-enabled":"default","ast-page-background-meta":{"desktop":{"background-color":"var(--ast-global-color-4)","background-image":"","background-repeat":"repeat","background-position":"center center","background-size":"auto","background-attachment":"scroll","background-type":"","background-media":"","overlay-type":"","overlay-color":"","overlay-opacity":"","overlay-gradient":""},"tablet":{"background-color":"","background-image":"","background-repeat":"repeat","background-position":"center center","background-size":"auto","background-attachment":"scroll","background-type":"","background-media":"","overlay-type":"","overlay-color":"","overlay-opacity":"","overlay-gradient":""},"mobile":{"background-color":"","background-image":"","background-repeat":"repeat","background-position":"center center","background-size":"auto","background-attachment":"scroll","background-type":"","background-media":"","overlay-type":"","overlay-color":"","overlay-opacity":"","overlay-gradient":""}},"ast-content-background-meta":{"desktop":{"background-color":"var(--ast-global-color-5)","background-image":"","background-repeat":"repeat","background-position":"center center","background-size":"auto","background-attachment":"scroll","background-type":"","background-media":"","overlay-type":"","overlay-color":"","overlay-opacity":"","overlay-gradient":""},"tablet":{"background-color":"var(--ast-global-color-5)","background-image":"","background-repeat":"repeat","background-position":"center center","background-size":"auto","background-attachment":"scroll","background-type":"","background-media":"","overlay-type":"","overlay-color":"","overlay-opacity":"","overlay-gradient":""},"mobile":{"background-color":"var(--ast-global-color-5)","background-image":"","background-repeat":"repeat","background-position":"center center","background-size":"auto","background-attachment":"scroll","background-type":"","background-media":"","overlay-type":"","overlay-color":"","overlay-opacity":"","overlay-gradient":""}},"footnotes":""},"class_list":["post-690","page","type-page","status-publish","hentry"],"_links":{"self":[{"href":"https:\/\/www.skautisenica.sk\/sk\/wp-json\/wp\/v2\/pages\/690","targetHints":{"allow":["GET"]}}],"collection":[{"href":"https:\/\/www.skautisenica.sk\/sk\/wp-json\/wp\/v2\/pages"}],"about":[{"href":"https:\/\/www.skautisenica.sk\/sk\/wp-json\/wp\/v2\/types\/page"}],"author":[{"embeddable":true,"href":"https:\/\/www.skautisenica.sk\/sk\/wp-json\/wp\/v2\/users\/1"}],"replies":[{"embeddable":true,"href":"https:\/\/www.skautisenica.sk\/sk\/wp-json\/wp\/v2\/comments?post=690"}],"version-history":[{"count":5,"href":"https:\/\/www.skautisenica.sk\/sk\/wp-json\/wp\/v2\/pages\/690\/revisions"}],"predecessor-version":[{"id":3309,"href":"https:\/\/www.skautisenica.sk\/sk\/wp-json\/wp\/v2\/pages\/690\/revisions\/3309"}],"wp:attachment":[{"href":"https:\/\/www.skautisenica.sk\/sk\/wp-json\/wp\/v2\/media?parent=690"}],"curies":[{"name":"wp","href":"https:\/\/api.w.org\/{rel}","templated":true}]}}